{"id":16131,"date":"2025-03-24T14:07:35","date_gmt":"2025-03-24T13:07:35","guid":{"rendered":"https:\/\/kellenberger.betacenter.net\/?page_id=16131"},"modified":"2025-12-04T17:11:19","modified_gmt":"2025-12-04T16:11:19","slug":"industrien","status":"publish","type":"page","link":"https:\/\/kellenberger.betacenter.net\/de\/industrien\/","title":{"rendered":"Industrien"},"content":{"rendered":"[vc_row type=&#8220;in_container&#8220; full_screen_row_position=&#8220;middle&#8220; column_margin=&#8220;default&#8220; column_direction=&#8220;default&#8220; column_direction_tablet=&#8220;default&#8220; column_direction_phone=&#8220;default&#8220; scene_position=&#8220;center&#8220; top_margin=&#8220;3%&#8220; bottom_margin=&#8220;5%&#8220; bottom_margin_tablet=&#8220;60&#8243; text_color=&#8220;dark&#8220; text_align=&#8220;left&#8220; row_border_radius=&#8220;none&#8220; row_border_radius_applies=&#8220;bg&#8220; overflow=&#8220;visible&#8220; overlay_strength=&#8220;0.3&#8243; gradient_direction=&#8220;left_to_right&#8220; shape_divider_position=&#8220;bottom&#8220; bg_image_animation=&#8220;none&#8220; shape_type=&#8220;&#8220; gradient_type=&#8220;default&#8220;][vc_column column_padding=&#8220;no-extra-padding&#8220; column_padding_tablet=&#8220;inherit&#8220; column_padding_phone=&#8220;inherit&#8220; column_padding_position=&#8220;all&#8220; top_margin=&#8220;2%&#8220; column_element_direction_desktop=&#8220;default&#8220; column_element_spacing=&#8220;default&#8220; desktop_text_alignment=&#8220;default&#8220; tablet_text_alignment=&#8220;default&#8220; phone_text_alignment=&#8220;default&#8220; background_color_opacity=&#8220;1&#8243; background_hover_color_opacity=&#8220;1&#8243; column_backdrop_filter=&#8220;none&#8220; column_shadow=&#8220;none&#8220; column_border_radius=&#8220;none&#8220; column_link_target=&#8220;_self&#8220; column_position=&#8220;default&#8220; gradient_direction=&#8220;left_to_right&#8220; overlay_strength=&#8220;0.3&#8243; width=&#8220;1\/2&#8243; tablet_width_inherit=&#8220;default&#8220; animation_type=&#8220;default&#8220; bg_image_animation=&#8220;none&#8220; border_type=&#8220;simple&#8220; column_border_width=&#8220;none&#8220; column_border_style=&#8220;solid&#8220;][vc_custom_heading text=&#8220;Industrien&#8220; font_container=&#8220;tag:h1|text_align:left&#8220; use_theme_fonts=&#8220;yes&#8220;][vc_column_text css=&#8220;.vc_custom_1762960508169{padding-top: 5% !important;padding-right: 2% !important;padding-bottom: 2% !important;}&#8220; text_direction=&#8220;default&#8220;]Kellenberger ist spezia\u00adli\u00adsiert auf die Entwick\u00adlung und Produk\u00adtion von CNC-Pr\u00e4zisi\u00adons\u00adschleif\u00adma\u00adschinen und Systeml\u00f6sungen sowie auf kombinierte Hartdreh- und Schleifmaschinen f\u00fcr die unterschiedlichsten Einsatzbereiche und Bearbeitungsaufgaben.<\/p>\n<p>Im Fokus stehen Innovation, Qualit\u00e4t und Langlebigkeit der Produkte sowie die konsequente Orientierung auf die Anforderungen der Kunden. Unsere innovativen Technologien f\u00fcr das Schleifen und Hartdrehen machen uns zu einem bew\u00e4hrten Partner f\u00fcr Bearbeitungsanforderungen in den Branchen <strong>Maschinenbau, Automobilindustrie und ihre Zulieferer, Luft- &amp; Raumfahrt, Verteidigung, Energieerzeugung, Elektroindustrie, Werkzeug- &amp; Maschinenbau, Medizintechnik Werkzeugschleifen\u00a0<\/strong>und in vielen anderen Industrien<strong>.<\/strong><\/p>\n<p>Mit unseren Plattforml\u00f6sungen und deren Vorz\u00fcgen in puncto Flexibilit\u00e4t und Kosten bieten wir f\u00fcr alle Branchen zukunftsf\u00e4hige L\u00f6sungen. Viele Maschinen, auch im Universalbereich, werden zunehmend vor dem Hintergrund konkreter Anwendungen und Fertigungsauftr\u00e4ge gekauft. Daf\u00fcr bedarf es einer weitreichenden Applikationskompetenz in der Entwicklung, wo wir mit interdisziplin\u00e4ren Teams aus Mechanikern, Elektronikern, Softwareentwicklern und Messtechnikern arbeiten. Damit jede Branche auf ihre Weise von unserer Innovationskraft profitiert.[\/vc_column_text][\/vc_column][vc_column column_padding=&#8220;no-extra-padding&#8220; column_padding_tablet=&#8220;inherit&#8220; column_padding_phone=&#8220;inherit&#8220; column_padding_position=&#8220;all&#8220; column_element_direction_desktop=&#8220;default&#8220; column_element_spacing=&#8220;default&#8220; desktop_text_alignment=&#8220;default&#8220; tablet_text_alignment=&#8220;default&#8220; phone_text_alignment=&#8220;default&#8220; background_color_opacity=&#8220;1&#8243; background_hover_color_opacity=&#8220;1&#8243; column_backdrop_filter=&#8220;none&#8220; column_shadow=&#8220;none&#8220; column_border_radius=&#8220;none&#8220; column_link_target=&#8220;_self&#8220; column_position=&#8220;default&#8220; gradient_direction=&#8220;left_to_right&#8220; overlay_strength=&#8220;0.3&#8243; width=&#8220;1\/2&#8243; tablet_width_inherit=&#8220;default&#8220; animation_type=&#8220;default&#8220; bg_image_animation=&#8220;none&#8220; border_type=&#8220;simple&#8220; column_border_width=&#8220;none&#8220; column_border_style=&#8220;solid&#8220;][nectar_video_lightbox link_style=&#8220;play_button_2&#8243; nectar_play_button_color=&#8220;Default-Accent-Color&#8220; image_url=&#8220;18826&#8243; hover_effect=&#8220;defaut&#8220; box_shadow=&#8220;none&#8220; border_radius=&#8220;none&#8220; play_button_size=&#8220;default&#8220; video_url=&#8220;https:\/\/youtu.be\/9BpRyO79uWE&#8220;][\/vc_column][\/vc_row][vc_row type=&#8220;in_container&#8220; full_screen_row_position=&#8220;middle&#8220; column_margin=&#8220;default&#8220; column_direction=&#8220;default&#8220; column_direction_tablet=&#8220;default&#8220; column_direction_phone=&#8220;default&#8220; scene_position=&#8220;center&#8220; text_color=&#8220;dark&#8220; text_align=&#8220;left&#8220; row_border_radius=&#8220;none&#8220; row_border_radius_applies=&#8220;bg&#8220; overflow=&#8220;visible&#8220; overlay_strength=&#8220;0.3&#8243; gradient_direction=&#8220;left_to_right&#8220; shape_divider_position=&#8220;bottom&#8220; bg_image_animation=&#8220;none&#8220;][vc_column column_padding=&#8220;no-extra-padding&#8220; column_padding_tablet=&#8220;inherit&#8220; column_padding_phone=&#8220;inherit&#8220; column_padding_position=&#8220;all&#8220; column_element_direction_desktop=&#8220;default&#8220; column_element_spacing=&#8220;default&#8220; desktop_text_alignment=&#8220;default&#8220; tablet_text_alignment=&#8220;default&#8220; phone_text_alignment=&#8220;default&#8220; background_color_opacity=&#8220;1&#8243; background_hover_color_opacity=&#8220;1&#8243; column_backdrop_filter=&#8220;none&#8220; column_shadow=&#8220;none&#8220; column_border_radius=&#8220;none&#8220; column_link_target=&#8220;_self&#8220; column_position=&#8220;default&#8220; gradient_direction=&#8220;left_to_right&#8220; overlay_strength=&#8220;0.3&#8243; width=&#8220;1\/1&#8243; tablet_width_inherit=&#8220;default&#8220; animation_type=&#8220;default&#8220; bg_image_animation=&#8220;none&#8220; border_type=&#8220;simple&#8220; column_border_width=&#8220;none&#8220; column_border_style=&#8220;solid&#8220;][divider line_type=&#8220;No Line&#8220;][\/vc_column][\/vc_row]\n","protected":false},"excerpt":{"rendered":"<p>[vc_row type=&#8220;in_container&#8220; full_screen_row_position=&#8220;middle&#8220; column_margin=&#8220;default&#8220; column_direction=&#8220;default&#8220; column_direction_tablet=&#8220;default&#8220; column_direction_phone=&#8220;default&#8220; scene_position=&#8220;center&#8220; top_margin=&#8220;3%&#8220; bottom_margin=&#8220;5%&#8220; bottom_margin_tablet=&#8220;60&#8243; text_color=&#8220;dark&#8220; text_align=&#8220;left&#8220; row_border_radius=&#8220;none&#8220; row_border_radius_applies=&#8220;bg&#8220; overflow=&#8220;visible&#8220; overlay_strength=&#8220;0.3&#8243; gradient_direction=&#8220;left_to_right&#8220; shape_divider_position=&#8220;bottom&#8220; bg_image_animation=&#8220;none&#8220; shape_type=&#8220;&#8220; gradient_type=&#8220;default&#8220;][vc_column column_padding=&#8220;no-extra-padding&#8220; column_padding_tablet=&#8220;inherit&#8220; column_padding_phone=&#8220;inherit&#8220; column_padding_position=&#8220;all&#8220; top_margin=&#8220;2%&#8220; column_element_direction_desktop=&#8220;default&#8220; column_element_spacing=&#8220;default&#8220; desktop_text_alignment=&#8220;default&#8220;&#8230;<\/p>\n","protected":false},"author":2,"featured_media":0,"parent":0,"menu_order":0,"comment_status":"closed","ping_status":"closed","template":"","meta":{"inline_featured_image":false,"footnotes":""},"class_list":["post-16131","page","type-page","status-publish"],"yoast_head":"<!-- This site is optimized with the Yoast SEO plugin v26.5 - https:\/\/yoast.com\/wordpress\/plugins\/seo\/ -->\n<title>Industrien - Kellenberger<\/title>\n<meta name=\"description\" content=\"Kellenberger spezialisiert sich auf CNC-Pr\u00e4zisionsschleifmaschinen, Systeml\u00f6sungen und kombinierte Hartdreh- und Schleifmaschinen. Mit innovativen und langlebigen Technologien bedienen wir Branchen wie Automobil, Luft- und Raumfahrt, Energie, Verteidigung und mehr.\" \/>\n<meta name=\"robots\" content=\"index, follow, max-snippet:-1, max-image-preview:large, max-video-preview:-1\" \/>\n<link rel=\"canonical\" href=\"https:\/\/kellenberger.betacenter.net\/de\/industrien\/\" \/>\n<meta property=\"og:locale\" content=\"de_DE\" \/>\n<meta property=\"og:type\" content=\"article\" \/>\n<meta property=\"og:title\" content=\"Industrien - Kellenberger\" \/>\n<meta property=\"og:description\" content=\"Kellenberger spezialisiert sich auf CNC-Pr\u00e4zisionsschleifmaschinen, Systeml\u00f6sungen und kombinierte Hartdreh- und Schleifmaschinen. Mit innovativen und langlebigen Technologien bedienen wir Branchen wie Automobil, Luft- und Raumfahrt, Energie, Verteidigung und mehr.\" \/>\n<meta property=\"og:url\" content=\"https:\/\/kellenberger.betacenter.net\/de\/industrien\/\" \/>\n<meta property=\"og:site_name\" content=\"Kellenberger\" \/>\n<meta property=\"article:modified_time\" content=\"2025-12-04T16:11:19+00:00\" \/>\n<meta name=\"twitter:card\" content=\"summary_large_image\" \/>\n<meta name=\"twitter:label1\" content=\"Gesch\u00e4tzte Lesezeit\" \/>\n\t<meta name=\"twitter:data1\" content=\"1\u00a0Minute\" \/>\n<script type=\"application\/ld+json\" class=\"yoast-schema-graph\">{\"@context\":\"https:\/\/schema.org\",\"@graph\":[{\"@type\":\"WebPage\",\"@id\":\"https:\/\/kellenberger.betacenter.net\/de\/industrien\/\",\"url\":\"https:\/\/kellenberger.betacenter.net\/de\/industrien\/\",\"name\":\"Industrien - Kellenberger\",\"isPartOf\":{\"@id\":\"https:\/\/kellenberger.betacenter.net\/de\/#website\"},\"datePublished\":\"2025-03-24T13:07:35+00:00\",\"dateModified\":\"2025-12-04T16:11:19+00:00\",\"description\":\"Kellenberger spezialisiert sich auf CNC-Pr\u00e4zisionsschleifmaschinen, Systeml\u00f6sungen und kombinierte Hartdreh- und Schleifmaschinen. Mit innovativen und langlebigen Technologien bedienen wir Branchen wie Automobil, Luft- und Raumfahrt, Energie, Verteidigung und mehr.\",\"breadcrumb\":{\"@id\":\"https:\/\/kellenberger.betacenter.net\/de\/industrien\/#breadcrumb\"},\"inLanguage\":\"de\",\"potentialAction\":[{\"@type\":\"ReadAction\",\"target\":[\"https:\/\/kellenberger.betacenter.net\/de\/industrien\/\"]}]},{\"@type\":\"BreadcrumbList\",\"@id\":\"https:\/\/kellenberger.betacenter.net\/de\/industrien\/#breadcrumb\",\"itemListElement\":[{\"@type\":\"ListItem\",\"position\":1,\"name\":\"Home\",\"item\":\"https:\/\/kellenberger.betacenter.net\/de\/\"},{\"@type\":\"ListItem\",\"position\":2,\"name\":\"Industrien\"}]},{\"@type\":\"WebSite\",\"@id\":\"https:\/\/kellenberger.betacenter.net\/de\/#website\",\"url\":\"https:\/\/kellenberger.betacenter.net\/de\/\",\"name\":\"Kellenberger\",\"description\":\"Hersteller von multifunktionalen Pr\u00e4zisions-Drehmaschinen und Drehzentren.\",\"potentialAction\":[{\"@type\":\"SearchAction\",\"target\":{\"@type\":\"EntryPoint\",\"urlTemplate\":\"https:\/\/kellenberger.betacenter.net\/de\/?s={search_term_string}\"},\"query-input\":{\"@type\":\"PropertyValueSpecification\",\"valueRequired\":true,\"valueName\":\"search_term_string\"}}],\"inLanguage\":\"de\"}]}<\/script>\n<!-- \/ Yoast SEO plugin. -->","yoast_head_json":{"title":"Industrien - Kellenberger","description":"Kellenberger spezialisiert sich auf CNC-Pr\u00e4zisionsschleifmaschinen, Systeml\u00f6sungen und kombinierte Hartdreh- und Schleifmaschinen. Mit innovativen und langlebigen Technologien bedienen wir Branchen wie Automobil, Luft- und Raumfahrt, Energie, Verteidigung und mehr.","robots":{"index":"index","follow":"follow","max-snippet":"max-snippet:-1","max-image-preview":"max-image-preview:large","max-video-preview":"max-video-preview:-1"},"canonical":"https:\/\/kellenberger.betacenter.net\/de\/industrien\/","og_locale":"de_DE","og_type":"article","og_title":"Industrien - Kellenberger","og_description":"Kellenberger spezialisiert sich auf CNC-Pr\u00e4zisionsschleifmaschinen, Systeml\u00f6sungen und kombinierte Hartdreh- und Schleifmaschinen. Mit innovativen und langlebigen Technologien bedienen wir Branchen wie Automobil, Luft- und Raumfahrt, Energie, Verteidigung und mehr.","og_url":"https:\/\/kellenberger.betacenter.net\/de\/industrien\/","og_site_name":"Kellenberger","article_modified_time":"2025-12-04T16:11:19+00:00","twitter_card":"summary_large_image","twitter_misc":{"Gesch\u00e4tzte Lesezeit":"1\u00a0Minute"},"schema":{"@context":"https:\/\/schema.org","@graph":[{"@type":"WebPage","@id":"https:\/\/kellenberger.betacenter.net\/de\/industrien\/","url":"https:\/\/kellenberger.betacenter.net\/de\/industrien\/","name":"Industrien - Kellenberger","isPartOf":{"@id":"https:\/\/kellenberger.betacenter.net\/de\/#website"},"datePublished":"2025-03-24T13:07:35+00:00","dateModified":"2025-12-04T16:11:19+00:00","description":"Kellenberger spezialisiert sich auf CNC-Pr\u00e4zisionsschleifmaschinen, Systeml\u00f6sungen und kombinierte Hartdreh- und Schleifmaschinen. Mit innovativen und langlebigen Technologien bedienen wir Branchen wie Automobil, Luft- und Raumfahrt, Energie, Verteidigung und mehr.","breadcrumb":{"@id":"https:\/\/kellenberger.betacenter.net\/de\/industrien\/#breadcrumb"},"inLanguage":"de","potentialAction":[{"@type":"ReadAction","target":["https:\/\/kellenberger.betacenter.net\/de\/industrien\/"]}]},{"@type":"BreadcrumbList","@id":"https:\/\/kellenberger.betacenter.net\/de\/industrien\/#breadcrumb","itemListElement":[{"@type":"ListItem","position":1,"name":"Home","item":"https:\/\/kellenberger.betacenter.net\/de\/"},{"@type":"ListItem","position":2,"name":"Industrien"}]},{"@type":"WebSite","@id":"https:\/\/kellenberger.betacenter.net\/de\/#website","url":"https:\/\/kellenberger.betacenter.net\/de\/","name":"Kellenberger","description":"Hersteller von multifunktionalen Pr\u00e4zisions-Drehmaschinen und Drehzentren.","potentialAction":[{"@type":"SearchAction","target":{"@type":"EntryPoint","urlTemplate":"https:\/\/kellenberger.betacenter.net\/de\/?s={search_term_string}"},"query-input":{"@type":"PropertyValueSpecification","valueRequired":true,"valueName":"search_term_string"}}],"inLanguage":"de"}]}},"_links":{"self":[{"href":"https:\/\/kellenberger.betacenter.net\/de\/wp-json\/wp\/v2\/pages\/16131","targetHints":{"allow":["GET"]}}],"collection":[{"href":"https:\/\/kellenberger.betacenter.net\/de\/wp-json\/wp\/v2\/pages"}],"about":[{"href":"https:\/\/kellenberger.betacenter.net\/de\/wp-json\/wp\/v2\/types\/page"}],"author":[{"embeddable":true,"href":"https:\/\/kellenberger.betacenter.net\/de\/wp-json\/wp\/v2\/users\/2"}],"replies":[{"embeddable":true,"href":"https:\/\/kellenberger.betacenter.net\/de\/wp-json\/wp\/v2\/comments?post=16131"}],"version-history":[{"count":10,"href":"https:\/\/kellenberger.betacenter.net\/de\/wp-json\/wp\/v2\/pages\/16131\/revisions"}],"predecessor-version":[{"id":22116,"href":"https:\/\/kellenberger.betacenter.net\/de\/wp-json\/wp\/v2\/pages\/16131\/revisions\/22116"}],"wp:attachment":[{"href":"https:\/\/kellenberger.betacenter.net\/de\/wp-json\/wp\/v2\/media?parent=16131"}],"curies":[{"name":"wp","href":"https:\/\/api.w.org\/{rel}","templated":true}]}}