{"id":16141,"date":"2025-03-24T14:27:58","date_gmt":"2025-03-24T13:27:58","guid":{"rendered":"https:\/\/kellenberger.betacenter.net\/?page_id=16141"},"modified":"2025-12-19T09:34:58","modified_gmt":"2025-12-19T08:34:58","slug":"verteidigung","status":"publish","type":"page","link":"https:\/\/kellenberger.betacenter.net\/de\/industrien\/verteidigung\/","title":{"rendered":"Verteidigung"},"content":{"rendered":"[vc_row type=&#8220;in_container&#8220; full_screen_row_position=&#8220;middle&#8220; column_margin=&#8220;default&#8220; column_direction=&#8220;default&#8220; column_direction_tablet=&#8220;default&#8220; column_direction_phone=&#8220;default&#8220; scene_position=&#8220;center&#8220; top_margin=&#8220;3%&#8220; bottom_margin=&#8220;5%&#8220; bottom_margin_tablet=&#8220;60&#8243; text_color=&#8220;dark&#8220; text_align=&#8220;left&#8220; row_border_radius=&#8220;none&#8220; row_border_radius_applies=&#8220;bg&#8220; overflow=&#8220;visible&#8220; overlay_strength=&#8220;0.3&#8243; gradient_direction=&#8220;left_to_right&#8220; shape_divider_position=&#8220;bottom&#8220; bg_image_animation=&#8220;none&#8220; shape_type=&#8220;&#8220; gradient_type=&#8220;default&#8220;][vc_column column_padding=&#8220;no-extra-padding&#8220; column_padding_tablet=&#8220;inherit&#8220; column_padding_phone=&#8220;inherit&#8220; column_padding_position=&#8220;all&#8220; top_margin=&#8220;2%&#8220; column_element_direction_desktop=&#8220;default&#8220; column_element_spacing=&#8220;default&#8220; desktop_text_alignment=&#8220;default&#8220; tablet_text_alignment=&#8220;default&#8220; phone_text_alignment=&#8220;default&#8220; background_color_opacity=&#8220;1&#8243; background_hover_color_opacity=&#8220;1&#8243; column_backdrop_filter=&#8220;none&#8220; column_shadow=&#8220;none&#8220; column_border_radius=&#8220;none&#8220; column_link_target=&#8220;_self&#8220; column_position=&#8220;default&#8220; gradient_direction=&#8220;left_to_right&#8220; overlay_strength=&#8220;0.3&#8243; width=&#8220;1\/2&#8243; tablet_width_inherit=&#8220;default&#8220; animation_type=&#8220;default&#8220; bg_image_animation=&#8220;none&#8220; border_type=&#8220;simple&#8220; column_border_width=&#8220;none&#8220; column_border_style=&#8220;solid&#8220;][vc_custom_heading text=&#8220;Verteidigung&#8220; font_container=&#8220;tag:h1|text_align:left&#8220; use_theme_fonts=&#8220;yes&#8220;][vc_column_text css=&#8220;.vc_custom_1766133295911{padding-top: 5% !important;padding-right: 2% !important;padding-bottom: 2% !important;}&#8220; text_direction=&#8220;default&#8220;]Das Kellenberger Maschinenprogramm bietet eine Vielzahl an herausragenden L\u00f6sungen im Schleifen, Drehen und Fr\u00e4sen f\u00fcr alle Branchen, in denen h\u00f6chste Pr\u00e4zision und Flexibilit\u00e4t eine Rolle spielen. Unsere Baureihen reichen von Universal-Schleifmaschinen f\u00fcr komplexe Bearbeitungen bis zu spezialisierten Sonderapplikationen. Damit bieten wir f\u00fcr alle, auch die anspruchsvollsten und sicherheitskritischen Industriebranchen die richtigen L\u00f6sungen.<\/p>\n<p>Die Kellenberger Koordinatenschleifmaschinen <a href=\"#\" class=\"mtm-product-popup-link\" data-machine-id=\"H2000\">KELLENBERGER H2000<\/a> und <a href=\"#\" class=\"mtm-product-popup-link\" data-machine-id=\"H4000\">KELLENBERGER H4000<\/a> erf\u00fcllen dank ihrer robusten, verwindungssteifen Module und ihrer konsequenten Auslegung auf thermische Stabilit\u00e4t alle Anforderungen, wenn es um h\u00f6chste Pr\u00e4zision geht. Die Maschinen der H-Baureihe wurden konzipiert f\u00fcr kombiniertes Koordinatenschleifen und Hartfr\u00e4sbearbeitung auf einer Maschine und werden f\u00fcr anspruchsvollste Bearbeitungen wie z.B. im Stanzwerkzeug- und Formenbau eingesetzt, aber auch f\u00fcr hochpr\u00e4zise Teile in optischen Ger\u00e4ten oder f\u00fcr spezielle feinmechanische Komponenten. Also \u00fcberall dort, wo Bohrungen, Konturen und Formen mit h\u00f6chster Oberfl\u00e4cheng\u00fcte und mit Toleranzen im niedrigen \u00b5m-Bereich gefordert sind.<\/p>\n<p>Die Schleifmaschinen der KELLENBERGER U-Baureihe werden mit hohem Kundeninput als Einzelmaschinenl\u00f6sungen und Mehrmaschinen-Produktionszellen mit schl\u00fcsselfertiger Automatisierung realisiert. Ob Mehrachsen-Interpolation, oder die Kombination von Innen-, Au\u00dfen-, Kontur- und Formschleifen, integrierte Bohr- und Gewindeschneidfunktionen mit mehreren Spindeln und Werkzeugwechslern, die U-Baureihe bietet L\u00f6sungen f\u00fcr jede Anforderung. Die Bandbreite der auf der <a href=\"#\" class=\"mtm-product-popup-link\" data-machine-id=\"U300\">KELLENBERGER U300<\/a> gefertigten Werkst\u00fccke reicht von Kraftstoffeinspritzkomponenten mit Submikron-Toleranzen bis hin zu gro\u00dfen Getriebekomponenten, von Halbleiterboules bis hin zu Pumpenkomponenten, von Raketenleitsystemen bis hin zu Triebwerkskomponenten f\u00fcr die Luft- und Raumfahrt, U-Maschinen meistern jede Herausforderung im Hinblick auf Werkst\u00fcckgeometrie oder Materialbeschaffenheit und meistern auch schwer zu bearbeitende Werkstoffe wie z.B. Keramik, Silizium und Siliziumkarbid.[\/vc_column_text][\/vc_column][vc_column column_padding=&#8220;no-extra-padding&#8220; column_padding_tablet=&#8220;inherit&#8220; column_padding_phone=&#8220;inherit&#8220; column_padding_position=&#8220;all&#8220; column_element_direction_desktop=&#8220;default&#8220; column_element_spacing=&#8220;default&#8220; desktop_text_alignment=&#8220;default&#8220; tablet_text_alignment=&#8220;default&#8220; phone_text_alignment=&#8220;default&#8220; background_color_opacity=&#8220;1&#8243; background_hover_color_opacity=&#8220;1&#8243; column_backdrop_filter=&#8220;none&#8220; column_shadow=&#8220;none&#8220; column_border_radius=&#8220;none&#8220; column_link_target=&#8220;_self&#8220; column_position=&#8220;default&#8220; gradient_direction=&#8220;left_to_right&#8220; overlay_strength=&#8220;0.3&#8243; width=&#8220;1\/2&#8243; tablet_width_inherit=&#8220;default&#8220; animation_type=&#8220;default&#8220; bg_image_animation=&#8220;none&#8220; border_type=&#8220;simple&#8220; column_border_width=&#8220;none&#8220; column_border_style=&#8220;solid&#8220;][carousel script=&#8220;flickity&#8220; flickity_formatting=&#8220;default&#8220; desktop_cols_flickity=&#8220;1&#8243; desktop_small_cols_flickity=&#8220;1&#8243; tablet_cols_flickity=&#8220;1&#8243; phone_cols_flickity=&#8220;1&#8243; flickity_controls=&#8220;default&#8220; color=&#8220;default&#8220; flickity_overflow=&#8220;hidden&#8220; flickity_wrap_around=&#8220;wrap&#8220; pagination_alignment_flickity=&#8220;default&#8220; flickity_spacing=&#8220;default&#8220; flickity_column_vertical_alignment=&#8220;default&#8220; column_padding=&#8220;0&#8243; flickity_element_spacing=&#8220;default&#8220; border_radius=&#8220;none&#8220;][item simple_slider_bg_image_position=&#8220;default&#8220; simple_slider_overlay_strength=&#8220;0.3&#8243; simple_slider_bg_image_loading=&#8220;default&#8220; id=&#8220;1766133234464-4&#8243; tab_id=&#8220;1766133234465-0&#8243; title=&#8220;Anzahl&#8220;][image_with_animation image_url=&#8220;21853&#8243; image_size=&#8220;full&#8220; max_width=&#8220;100%&#8220; max_width_mobile=&#8220;default&#8220; animation_type=&#8220;entrance&#8220; animation=&#8220;None&#8220; animation_movement_type=&#8220;transform_y&#8220; hover_animation=&#8220;none&#8220; alignment=&#8220;&#8220; border_radius=&#8220;none&#8220; box_shadow=&#8220;none&#8220; image_loading=&#8220;default&#8220;][vc_column_text] [\/vc_column_text][\/item][item simple_slider_bg_image_position=&#8220;default&#8220; simple_slider_overlay_strength=&#8220;0.3&#8243; simple_slider_bg_image_loading=&#8220;default&#8220; id=&#8220;1766133234490-1&#8243; tab_id=&#8220;1766133234490-10&#8243; title=&#8220;Anzahl&#8220;][image_with_animation image_url=&#8220;21845&#8243; image_size=&#8220;full&#8220; max_width=&#8220;100%&#8220; max_width_mobile=&#8220;default&#8220; animation_type=&#8220;entrance&#8220; animation=&#8220;None&#8220; animation_movement_type=&#8220;transform_y&#8220; hover_animation=&#8220;none&#8220; alignment=&#8220;&#8220; border_radius=&#8220;none&#8220; box_shadow=&#8220;none&#8220; image_loading=&#8220;default&#8220;][vc_column_text] [\/vc_column_text][\/item][item simple_slider_bg_image_position=&#8220;default&#8220; simple_slider_overlay_strength=&#8220;0.3&#8243; simple_slider_bg_image_loading=&#8220;default&#8220; id=&#8220;1766133234513-5&#8243; tab_id=&#8220;1766133234513-8&#8243; title=&#8220;Anzahl&#8220;][image_with_animation image_url=&#8220;21849&#8243; image_size=&#8220;full&#8220; max_width=&#8220;100%&#8220; max_width_mobile=&#8220;default&#8220; animation_type=&#8220;entrance&#8220; animation=&#8220;None&#8220; animation_movement_type=&#8220;transform_y&#8220; hover_animation=&#8220;none&#8220; alignment=&#8220;&#8220; border_radius=&#8220;none&#8220; box_shadow=&#8220;none&#8220; image_loading=&#8220;default&#8220;][vc_column_text] [\/vc_column_text][\/item][\/carousel][\/vc_column][\/vc_row][vc_row type=&#8220;in_container&#8220; full_screen_row_position=&#8220;middle&#8220; column_margin=&#8220;default&#8220; column_direction=&#8220;default&#8220; column_direction_tablet=&#8220;default&#8220; column_direction_phone=&#8220;default&#8220; scene_position=&#8220;center&#8220; text_color=&#8220;dark&#8220; text_align=&#8220;left&#8220; row_border_radius=&#8220;none&#8220; row_border_radius_applies=&#8220;bg&#8220; overflow=&#8220;visible&#8220; overlay_strength=&#8220;0.3&#8243; gradient_direction=&#8220;left_to_right&#8220; shape_divider_position=&#8220;bottom&#8220; bg_image_animation=&#8220;none&#8220;][vc_column column_padding=&#8220;no-extra-padding&#8220; column_padding_tablet=&#8220;inherit&#8220; column_padding_phone=&#8220;inherit&#8220; column_padding_position=&#8220;all&#8220; column_element_direction_desktop=&#8220;default&#8220; column_element_spacing=&#8220;default&#8220; desktop_text_alignment=&#8220;default&#8220; tablet_text_alignment=&#8220;default&#8220; phone_text_alignment=&#8220;default&#8220; background_color_opacity=&#8220;1&#8243; background_hover_color_opacity=&#8220;1&#8243; column_backdrop_filter=&#8220;none&#8220; column_shadow=&#8220;none&#8220; column_border_radius=&#8220;none&#8220; column_link_target=&#8220;_self&#8220; column_position=&#8220;default&#8220; gradient_direction=&#8220;left_to_right&#8220; overlay_strength=&#8220;0.3&#8243; width=&#8220;1\/1&#8243; tablet_width_inherit=&#8220;default&#8220; animation_type=&#8220;default&#8220; bg_image_animation=&#8220;none&#8220; border_type=&#8220;simple&#8220; column_border_width=&#8220;none&#8220; column_border_style=&#8220;solid&#8220;][divider line_type=&#8220;No Line&#8220;][\/vc_column][\/vc_row]\n","protected":false},"excerpt":{"rendered":"<p>[vc_row type=&#8220;in_container&#8220; full_screen_row_position=&#8220;middle&#8220; column_margin=&#8220;default&#8220; column_direction=&#8220;default&#8220; column_direction_tablet=&#8220;default&#8220; column_direction_phone=&#8220;default&#8220; scene_position=&#8220;center&#8220; top_margin=&#8220;3%&#8220; bottom_margin=&#8220;5%&#8220; bottom_margin_tablet=&#8220;60&#8243; text_color=&#8220;dark&#8220; text_align=&#8220;left&#8220; row_border_radius=&#8220;none&#8220; row_border_radius_applies=&#8220;bg&#8220; overflow=&#8220;visible&#8220; overlay_strength=&#8220;0.3&#8243; gradient_direction=&#8220;left_to_right&#8220; shape_divider_position=&#8220;bottom&#8220; bg_image_animation=&#8220;none&#8220; shape_type=&#8220;&#8220; gradient_type=&#8220;default&#8220;][vc_column column_padding=&#8220;no-extra-padding&#8220; column_padding_tablet=&#8220;inherit&#8220; column_padding_phone=&#8220;inherit&#8220; column_padding_position=&#8220;all&#8220; top_margin=&#8220;2%&#8220; column_element_direction_desktop=&#8220;default&#8220; column_element_spacing=&#8220;default&#8220; desktop_text_alignment=&#8220;default&#8220;&#8230;<\/p>\n","protected":false},"author":2,"featured_media":0,"parent":16131,"menu_order":0,"comment_status":"closed","ping_status":"closed","template":"","meta":{"inline_featured_image":false,"footnotes":""},"class_list":["post-16141","page","type-page","status-publish"],"yoast_head":"<!-- This site is optimized with the Yoast SEO plugin v26.5 - https:\/\/yoast.com\/wordpress\/plugins\/seo\/ -->\n<title>Verteidigung - Kellenberger<\/title>\n<meta name=\"description\" content=\"Kellenberger spezialisiert sich auf CNC-Pr\u00e4zisionsschleifmaschinen, Systeml\u00f6sungen und kombinierte Hartdreh- und Schleifmaschinen. Mit innovativen und langlebigen Technologien bedienen wir Branchen wie Automobil, Luft- und Raumfahrt, Energie, Verteidigung und mehr.\" \/>\n<meta name=\"robots\" content=\"index, follow, max-snippet:-1, max-image-preview:large, max-video-preview:-1\" \/>\n<link rel=\"canonical\" href=\"https:\/\/kellenberger.betacenter.net\/de\/industrien\/verteidigung\/\" \/>\n<meta property=\"og:locale\" content=\"de_DE\" \/>\n<meta property=\"og:type\" content=\"article\" \/>\n<meta property=\"og:title\" content=\"Verteidigung - Kellenberger\" \/>\n<meta property=\"og:description\" content=\"Kellenberger spezialisiert sich auf CNC-Pr\u00e4zisionsschleifmaschinen, Systeml\u00f6sungen und kombinierte Hartdreh- und Schleifmaschinen. Mit innovativen und langlebigen Technologien bedienen wir Branchen wie Automobil, Luft- und Raumfahrt, Energie, Verteidigung und mehr.\" \/>\n<meta property=\"og:url\" content=\"https:\/\/kellenberger.betacenter.net\/de\/industrien\/verteidigung\/\" \/>\n<meta property=\"og:site_name\" content=\"Kellenberger\" \/>\n<meta property=\"article:modified_time\" content=\"2025-12-19T08:34:58+00:00\" \/>\n<meta name=\"twitter:card\" content=\"summary_large_image\" \/>\n<meta name=\"twitter:label1\" content=\"Gesch\u00e4tzte Lesezeit\" \/>\n\t<meta name=\"twitter:data1\" content=\"2\u00a0Minuten\" \/>\n<script type=\"application\/ld+json\" class=\"yoast-schema-graph\">{\"@context\":\"https:\/\/schema.org\",\"@graph\":[{\"@type\":\"WebPage\",\"@id\":\"https:\/\/kellenberger.betacenter.net\/de\/industrien\/verteidigung\/\",\"url\":\"https:\/\/kellenberger.betacenter.net\/de\/industrien\/verteidigung\/\",\"name\":\"Verteidigung - Kellenberger\",\"isPartOf\":{\"@id\":\"https:\/\/kellenberger.betacenter.net\/de\/#website\"},\"datePublished\":\"2025-03-24T13:27:58+00:00\",\"dateModified\":\"2025-12-19T08:34:58+00:00\",\"description\":\"Kellenberger spezialisiert sich auf CNC-Pr\u00e4zisionsschleifmaschinen, Systeml\u00f6sungen und kombinierte Hartdreh- und Schleifmaschinen. Mit innovativen und langlebigen Technologien bedienen wir Branchen wie Automobil, Luft- und Raumfahrt, Energie, Verteidigung und mehr.\",\"breadcrumb\":{\"@id\":\"https:\/\/kellenberger.betacenter.net\/de\/industrien\/verteidigung\/#breadcrumb\"},\"inLanguage\":\"de\",\"potentialAction\":[{\"@type\":\"ReadAction\",\"target\":[\"https:\/\/kellenberger.betacenter.net\/de\/industrien\/verteidigung\/\"]}]},{\"@type\":\"BreadcrumbList\",\"@id\":\"https:\/\/kellenberger.betacenter.net\/de\/industrien\/verteidigung\/#breadcrumb\",\"itemListElement\":[{\"@type\":\"ListItem\",\"position\":1,\"name\":\"Home\",\"item\":\"https:\/\/kellenberger.betacenter.net\/de\/\"},{\"@type\":\"ListItem\",\"position\":2,\"name\":\"Industrien\",\"item\":\"https:\/\/kellenberger.betacenter.net\/de\/industrien\/\"},{\"@type\":\"ListItem\",\"position\":3,\"name\":\"Verteidigung\"}]},{\"@type\":\"WebSite\",\"@id\":\"https:\/\/kellenberger.betacenter.net\/de\/#website\",\"url\":\"https:\/\/kellenberger.betacenter.net\/de\/\",\"name\":\"Kellenberger\",\"description\":\"Hersteller von multifunktionalen Pr\u00e4zisions-Drehmaschinen und Drehzentren.\",\"potentialAction\":[{\"@type\":\"SearchAction\",\"target\":{\"@type\":\"EntryPoint\",\"urlTemplate\":\"https:\/\/kellenberger.betacenter.net\/de\/?s={search_term_string}\"},\"query-input\":{\"@type\":\"PropertyValueSpecification\",\"valueRequired\":true,\"valueName\":\"search_term_string\"}}],\"inLanguage\":\"de\"}]}<\/script>\n<!-- \/ Yoast SEO plugin. -->","yoast_head_json":{"title":"Verteidigung - Kellenberger","description":"Kellenberger spezialisiert sich auf CNC-Pr\u00e4zisionsschleifmaschinen, Systeml\u00f6sungen und kombinierte Hartdreh- und Schleifmaschinen. Mit innovativen und langlebigen Technologien bedienen wir Branchen wie Automobil, Luft- und Raumfahrt, Energie, Verteidigung und mehr.","robots":{"index":"index","follow":"follow","max-snippet":"max-snippet:-1","max-image-preview":"max-image-preview:large","max-video-preview":"max-video-preview:-1"},"canonical":"https:\/\/kellenberger.betacenter.net\/de\/industrien\/verteidigung\/","og_locale":"de_DE","og_type":"article","og_title":"Verteidigung - Kellenberger","og_description":"Kellenberger spezialisiert sich auf CNC-Pr\u00e4zisionsschleifmaschinen, Systeml\u00f6sungen und kombinierte Hartdreh- und Schleifmaschinen. Mit innovativen und langlebigen Technologien bedienen wir Branchen wie Automobil, Luft- und Raumfahrt, Energie, Verteidigung und mehr.","og_url":"https:\/\/kellenberger.betacenter.net\/de\/industrien\/verteidigung\/","og_site_name":"Kellenberger","article_modified_time":"2025-12-19T08:34:58+00:00","twitter_card":"summary_large_image","twitter_misc":{"Gesch\u00e4tzte Lesezeit":"2\u00a0Minuten"},"schema":{"@context":"https:\/\/schema.org","@graph":[{"@type":"WebPage","@id":"https:\/\/kellenberger.betacenter.net\/de\/industrien\/verteidigung\/","url":"https:\/\/kellenberger.betacenter.net\/de\/industrien\/verteidigung\/","name":"Verteidigung - Kellenberger","isPartOf":{"@id":"https:\/\/kellenberger.betacenter.net\/de\/#website"},"datePublished":"2025-03-24T13:27:58+00:00","dateModified":"2025-12-19T08:34:58+00:00","description":"Kellenberger spezialisiert sich auf CNC-Pr\u00e4zisionsschleifmaschinen, Systeml\u00f6sungen und kombinierte Hartdreh- und Schleifmaschinen. Mit innovativen und langlebigen Technologien bedienen wir Branchen wie Automobil, Luft- und Raumfahrt, Energie, Verteidigung und mehr.","breadcrumb":{"@id":"https:\/\/kellenberger.betacenter.net\/de\/industrien\/verteidigung\/#breadcrumb"},"inLanguage":"de","potentialAction":[{"@type":"ReadAction","target":["https:\/\/kellenberger.betacenter.net\/de\/industrien\/verteidigung\/"]}]},{"@type":"BreadcrumbList","@id":"https:\/\/kellenberger.betacenter.net\/de\/industrien\/verteidigung\/#breadcrumb","itemListElement":[{"@type":"ListItem","position":1,"name":"Home","item":"https:\/\/kellenberger.betacenter.net\/de\/"},{"@type":"ListItem","position":2,"name":"Industrien","item":"https:\/\/kellenberger.betacenter.net\/de\/industrien\/"},{"@type":"ListItem","position":3,"name":"Verteidigung"}]},{"@type":"WebSite","@id":"https:\/\/kellenberger.betacenter.net\/de\/#website","url":"https:\/\/kellenberger.betacenter.net\/de\/","name":"Kellenberger","description":"Hersteller von multifunktionalen Pr\u00e4zisions-Drehmaschinen und Drehzentren.","potentialAction":[{"@type":"SearchAction","target":{"@type":"EntryPoint","urlTemplate":"https:\/\/kellenberger.betacenter.net\/de\/?s={search_term_string}"},"query-input":{"@type":"PropertyValueSpecification","valueRequired":true,"valueName":"search_term_string"}}],"inLanguage":"de"}]}},"_links":{"self":[{"href":"https:\/\/kellenberger.betacenter.net\/de\/wp-json\/wp\/v2\/pages\/16141","targetHints":{"allow":["GET"]}}],"collection":[{"href":"https:\/\/kellenberger.betacenter.net\/de\/wp-json\/wp\/v2\/pages"}],"about":[{"href":"https:\/\/kellenberger.betacenter.net\/de\/wp-json\/wp\/v2\/types\/page"}],"author":[{"embeddable":true,"href":"https:\/\/kellenberger.betacenter.net\/de\/wp-json\/wp\/v2\/users\/2"}],"replies":[{"embeddable":true,"href":"https:\/\/kellenberger.betacenter.net\/de\/wp-json\/wp\/v2\/comments?post=16141"}],"version-history":[{"count":6,"href":"https:\/\/kellenberger.betacenter.net\/de\/wp-json\/wp\/v2\/pages\/16141\/revisions"}],"predecessor-version":[{"id":23393,"href":"https:\/\/kellenberger.betacenter.net\/de\/wp-json\/wp\/v2\/pages\/16141\/revisions\/23393"}],"up":[{"embeddable":true,"href":"https:\/\/kellenberger.betacenter.net\/de\/wp-json\/wp\/v2\/pages\/16131"}],"wp:attachment":[{"href":"https:\/\/kellenberger.betacenter.net\/de\/wp-json\/wp\/v2\/media?parent=16141"}],"curies":[{"name":"wp","href":"https:\/\/api.w.org\/{rel}","templated":true}]}}