{"id":16147,"date":"2025-03-24T14:49:42","date_gmt":"2025-03-24T13:49:42","guid":{"rendered":"https:\/\/kellenberger.betacenter.net\/?page_id=16147"},"modified":"2025-12-19T09:33:41","modified_gmt":"2025-12-19T08:33:41","slug":"luft-und-raumfahrt","status":"publish","type":"page","link":"https:\/\/kellenberger.betacenter.net\/de\/industrien\/luft-und-raumfahrt\/","title":{"rendered":"Luft- und Raumfahrt"},"content":{"rendered":"[vc_row type=&#8220;in_container&#8220; full_screen_row_position=&#8220;middle&#8220; column_margin=&#8220;default&#8220; column_direction=&#8220;default&#8220; column_direction_tablet=&#8220;default&#8220; column_direction_phone=&#8220;default&#8220; scene_position=&#8220;center&#8220; top_margin=&#8220;3%&#8220; bottom_margin=&#8220;5%&#8220; bottom_margin_tablet=&#8220;60&#8243; text_color=&#8220;dark&#8220; text_align=&#8220;left&#8220; row_border_radius=&#8220;none&#8220; row_border_radius_applies=&#8220;bg&#8220; overflow=&#8220;visible&#8220; overlay_strength=&#8220;0.3&#8243; gradient_direction=&#8220;left_to_right&#8220; shape_divider_position=&#8220;bottom&#8220; bg_image_animation=&#8220;none&#8220; shape_type=&#8220;&#8220; gradient_type=&#8220;default&#8220;][vc_column column_padding=&#8220;no-extra-padding&#8220; column_padding_tablet=&#8220;inherit&#8220; column_padding_phone=&#8220;inherit&#8220; column_padding_position=&#8220;all&#8220; top_margin=&#8220;2%&#8220; column_element_direction_desktop=&#8220;default&#8220; column_element_spacing=&#8220;default&#8220; desktop_text_alignment=&#8220;default&#8220; tablet_text_alignment=&#8220;default&#8220; phone_text_alignment=&#8220;default&#8220; background_color_opacity=&#8220;1&#8243; background_hover_color_opacity=&#8220;1&#8243; column_backdrop_filter=&#8220;none&#8220; column_shadow=&#8220;none&#8220; column_border_radius=&#8220;none&#8220; column_link_target=&#8220;_self&#8220; column_position=&#8220;default&#8220; gradient_direction=&#8220;left_to_right&#8220; overlay_strength=&#8220;0.3&#8243; width=&#8220;1\/2&#8243; tablet_width_inherit=&#8220;default&#8220; animation_type=&#8220;default&#8220; bg_image_animation=&#8220;none&#8220; border_type=&#8220;simple&#8220; column_border_width=&#8220;none&#8220; column_border_style=&#8220;solid&#8220;][vc_custom_heading text=&#8220;Luft- und Raumfahrt&#8220; font_container=&#8220;tag:h1|text_align:left&#8220; use_theme_fonts=&#8220;yes&#8220;][vc_column_text css=&#8220;.vc_custom_1766133216847{padding-top: 5% !important;padding-right: 2% !important;padding-bottom: 2% !important;}&#8220; text_direction=&#8220;default&#8220;]Das Kellenberger Maschinenprogramm bietet eine Vielzahl an herausragenden L\u00f6sungen im Schleifen, Drehen und Fr\u00e4sen f\u00fcr alle Branchen, in denen h\u00f6chste Pr\u00e4zision und Flexibilit\u00e4t eine Rolle spielen. Unsere Baureihen reichen von Universal-Schleifmaschinen f\u00fcr komplexe Bearbeitungen bis zu spezialisierten Sonderapplikationen. Damit bieten wir f\u00fcr alle, auch die anspruchsvollsten und sicherheitskritischen Industriebranchen die richtigen L\u00f6sungen.<\/p>\n<p>Vielf\u00e4ltigste Konfigurationsm\u00f6glichkeiten f\u00fcr die unterschiedlichsten Schleifoperationen in allen Branchen zeichnen die KELLENBERGER K-Baureihe aus. Die <a href=\"#\" class=\"mtm-product-popup-link\" data-machine-id=\"K100\">KELLENBERGER K100<\/a> und <a href=\"#\" class=\"mtm-product-popup-link\" data-machine-id=\"K1000\">KELLENBERGER K1000<\/a> wurden f\u00fcr die hohen Anforderungen der Pr\u00e4zisionsfertigung von Prototypen sowie Klein- und Mittelserien, z.B. im Maschinenbau, im Werkzeug- und Formenbau, der Elektroindustrie und der Flugzeugindustrie entwickelt.<\/p>\n<p>Die <a href=\"#\" class=\"mtm-product-popup-link\" data-machine-id=\"VM1000\">KELLENBERGER VM1000<\/a> ist optimiert f\u00fcr die flexible, universelle Innen- und Aussenrundbearbeitung von komplexen Werkst\u00fccken. Die Teilevielfalt reicht von kleinsten Einzelteilen f\u00fcr Einspritzsysteme in Pkw-Motoren \u00fcber Kugellagerringe und Getriebe bis hin zu Hydraulikkomponenten und komplexen Komponenten im Maschinenbau wie z.B. Spindeln.<\/p>\n<p>Werkst\u00fccke f\u00fcr die Flugzeugindustrie wie Bladed discs oder Impeller erfordern absatzfreie, glatte Oberfl\u00e4chen. Die Koordinatenschleifmaschinen <a href=\"#\" class=\"mtm-product-popup-link\" data-machine-id=\"H2000\">KELLENBERGER H2000<\/a> und <a href=\"#\" class=\"mtm-product-popup-link\" data-machine-id=\"H4000\">KELLENBERGER H4000<\/a> erf\u00fcllen dank ihrer robusten, verwindungssteifen Module und ihrer konsequenten Auslegung auf thermische Stabilit\u00e4t alle Anforderungen, wenn es um h\u00f6chste Pr\u00e4zision geht. Die Maschinen der H-Baureihe wurden f\u00fcr kombiniertes Koordinatenschleifen und Hartfr\u00e4sbearbeitung auf einer Maschine konzipiert und werden f\u00fcr anspruchsvollste Bearbeitungen wie z.B. in der Luft- und Raumfahrt oder im Stanzwerkzeug- und Formenbau eingesetzt, aber auch f\u00fcr hochpr\u00e4zise Teile in optischen Ger\u00e4ten oder f\u00fcr spezielle feinmechanische Komponenten. Also \u00fcberall dort, wo Bohrungen, Konturen und Formen mit h\u00f6chster Oberfl\u00e4cheng\u00fcte und mit Toleranzen im niedrigen \u00b5m-Bereich gefordert sind.<\/p>\n<p>Die Schleifmaschinen der KELLENBERGER U-Baureihe werden mit hohem Kundeninput als Einzelmaschinenl\u00f6sungen und Mehrmaschinen-Produktionszellen mit schl\u00fcsselfertiger Automatisierung realisiert. Ob Mehrachsen-Interpolation, oder die Kombination von Innen-, Au\u00dfen-, Kontur- und Formschleifen, integrierte Bohr- und Gewindeschneidfunktionen mit mehreren Spindeln und Werkzeugwechslern, die U-Baureihe bietet L\u00f6sungen f\u00fcr jede Anforderung. Die Bandbreite der auf der <a href=\"#\" class=\"mtm-product-popup-link\" data-machine-id=\"U300\">KELLENBERGER U300<\/a> gefertigten Werkst\u00fccke reicht von Kraftstoffeinspritzkomponenten mit Submikron-Toleranzen bis hin zu gro\u00dfen Getriebekomponenten, von Halbleiterboules bis hin zu Pumpenkomponenten, von Raketenleitsystemen bis hin zu Triebwerkskomponenten f\u00fcr die Luft- und Raumfahrt, U-Maschinen meistern jede Herausforderung im Hinblick auf Werkst\u00fcckgeometrie oder Materialbeschaffenheit und meistern auch schwer zu bearbeitende Werkstoffe wie z.B. Keramik, Silizium und Siliziumkarbid.[\/vc_column_text][\/vc_column][vc_column column_padding=&#8220;no-extra-padding&#8220; column_padding_tablet=&#8220;inherit&#8220; column_padding_phone=&#8220;inherit&#8220; column_padding_position=&#8220;all&#8220; column_element_direction_desktop=&#8220;default&#8220; column_element_spacing=&#8220;default&#8220; desktop_text_alignment=&#8220;default&#8220; tablet_text_alignment=&#8220;default&#8220; phone_text_alignment=&#8220;default&#8220; background_color_opacity=&#8220;1&#8243; background_hover_color_opacity=&#8220;1&#8243; column_backdrop_filter=&#8220;none&#8220; column_shadow=&#8220;none&#8220; column_border_radius=&#8220;none&#8220; column_link_target=&#8220;_self&#8220; column_position=&#8220;default&#8220; gradient_direction=&#8220;left_to_right&#8220; overlay_strength=&#8220;0.3&#8243; width=&#8220;1\/2&#8243; tablet_width_inherit=&#8220;default&#8220; animation_type=&#8220;default&#8220; bg_image_animation=&#8220;none&#8220; border_type=&#8220;simple&#8220; column_border_width=&#8220;none&#8220; column_border_style=&#8220;solid&#8220;][carousel script=&#8220;flickity&#8220; flickity_formatting=&#8220;default&#8220; desktop_cols_flickity=&#8220;1&#8243; desktop_small_cols_flickity=&#8220;1&#8243; tablet_cols_flickity=&#8220;1&#8243; phone_cols_flickity=&#8220;1&#8243; flickity_controls=&#8220;default&#8220; color=&#8220;default&#8220; flickity_overflow=&#8220;hidden&#8220; flickity_wrap_around=&#8220;wrap&#8220; pagination_alignment_flickity=&#8220;default&#8220; flickity_spacing=&#8220;default&#8220; flickity_column_vertical_alignment=&#8220;default&#8220; column_padding=&#8220;0&#8243; flickity_element_spacing=&#8220;default&#8220; border_radius=&#8220;none&#8220;][item simple_slider_bg_image_position=&#8220;default&#8220; simple_slider_overlay_strength=&#8220;0.3&#8243; simple_slider_bg_image_loading=&#8220;default&#8220; id=&#8220;1766133088988-6&#8243; tab_id=&#8220;1766133088988-10&#8243; title=&#8220;Anzahl&#8220;][image_with_animation image_url=&#8220;21740&#8243; image_size=&#8220;full&#8220; max_width=&#8220;100%&#8220; max_width_mobile=&#8220;default&#8220; animation_type=&#8220;entrance&#8220; animation=&#8220;None&#8220; animation_movement_type=&#8220;transform_y&#8220; hover_animation=&#8220;none&#8220; alignment=&#8220;&#8220; border_radius=&#8220;none&#8220; box_shadow=&#8220;none&#8220; image_loading=&#8220;default&#8220;][vc_column_text] [\/vc_column_text][\/item][item simple_slider_bg_image_position=&#8220;default&#8220; simple_slider_overlay_strength=&#8220;0.3&#8243; simple_slider_bg_image_loading=&#8220;default&#8220; id=&#8220;1766133089016-10&#8243; tab_id=&#8220;1766133089016-4&#8243; title=&#8220;Anzahl&#8220;][image_with_animation image_url=&#8220;21732&#8243; image_size=&#8220;full&#8220; max_width=&#8220;100%&#8220; max_width_mobile=&#8220;default&#8220; animation_type=&#8220;entrance&#8220; animation=&#8220;None&#8220; animation_movement_type=&#8220;transform_y&#8220; hover_animation=&#8220;none&#8220; alignment=&#8220;&#8220; border_radius=&#8220;none&#8220; box_shadow=&#8220;none&#8220; image_loading=&#8220;default&#8220;][vc_column_text] [\/vc_column_text][\/item][item simple_slider_bg_image_position=&#8220;default&#8220; simple_slider_overlay_strength=&#8220;0.3&#8243; simple_slider_bg_image_loading=&#8220;default&#8220; id=&#8220;1766133089041-3&#8243; tab_id=&#8220;1766133089041-10&#8243; title=&#8220;Anzahl&#8220;][image_with_animation image_url=&#8220;21736&#8243; image_size=&#8220;full&#8220; max_width=&#8220;100%&#8220; max_width_mobile=&#8220;default&#8220; animation_type=&#8220;entrance&#8220; animation=&#8220;None&#8220; animation_movement_type=&#8220;transform_y&#8220; hover_animation=&#8220;none&#8220; alignment=&#8220;&#8220; border_radius=&#8220;none&#8220; box_shadow=&#8220;none&#8220; image_loading=&#8220;default&#8220;][vc_column_text] [\/vc_column_text][\/item][\/carousel][\/vc_column][\/vc_row]\n","protected":false},"excerpt":{"rendered":"<p>[vc_row type=&#8220;in_container&#8220; full_screen_row_position=&#8220;middle&#8220; column_margin=&#8220;default&#8220; column_direction=&#8220;default&#8220; column_direction_tablet=&#8220;default&#8220; column_direction_phone=&#8220;default&#8220; scene_position=&#8220;center&#8220; top_margin=&#8220;3%&#8220; bottom_margin=&#8220;5%&#8220; bottom_margin_tablet=&#8220;60&#8243; text_color=&#8220;dark&#8220; text_align=&#8220;left&#8220; row_border_radius=&#8220;none&#8220; row_border_radius_applies=&#8220;bg&#8220; overflow=&#8220;visible&#8220; overlay_strength=&#8220;0.3&#8243; gradient_direction=&#8220;left_to_right&#8220; shape_divider_position=&#8220;bottom&#8220; bg_image_animation=&#8220;none&#8220; shape_type=&#8220;&#8220; gradient_type=&#8220;default&#8220;][vc_column column_padding=&#8220;no-extra-padding&#8220; column_padding_tablet=&#8220;inherit&#8220; column_padding_phone=&#8220;inherit&#8220; column_padding_position=&#8220;all&#8220; top_margin=&#8220;2%&#8220; column_element_direction_desktop=&#8220;default&#8220; column_element_spacing=&#8220;default&#8220; desktop_text_alignment=&#8220;default&#8220;&#8230;<\/p>\n","protected":false},"author":2,"featured_media":0,"parent":16131,"menu_order":0,"comment_status":"closed","ping_status":"closed","template":"","meta":{"inline_featured_image":false,"footnotes":""},"class_list":["post-16147","page","type-page","status-publish"],"yoast_head":"<!-- This site is optimized with the Yoast SEO plugin v26.5 - https:\/\/yoast.com\/wordpress\/plugins\/seo\/ -->\n<title>Luft- und Raumfahrt - Kellenberger<\/title>\n<meta name=\"description\" content=\"Kellenberger ist spezialisiert auf CNC-Pr\u00e4zisionsschleifmaschinen und Systeml\u00f6sungen, die Hartdrehen und Schleifen f\u00fcr verschiedene Anwendungen kombinieren. Unsere innovativen, langlebigen Technologien kommen in Branchen wie der Automobilindustrie, der Luft- und Raumfahrt, dem Energiesektor, der Verteidigung und vielen mehr zum Einsatz.\" \/>\n<meta name=\"robots\" content=\"index, follow, max-snippet:-1, max-image-preview:large, max-video-preview:-1\" \/>\n<link rel=\"canonical\" href=\"https:\/\/kellenberger.betacenter.net\/de\/industrien\/luft-und-raumfahrt\/\" \/>\n<meta property=\"og:locale\" content=\"de_DE\" \/>\n<meta property=\"og:type\" content=\"article\" \/>\n<meta property=\"og:title\" content=\"Luft- und Raumfahrt - Kellenberger\" \/>\n<meta property=\"og:description\" content=\"Kellenberger ist spezialisiert auf CNC-Pr\u00e4zisionsschleifmaschinen und Systeml\u00f6sungen, die Hartdrehen und Schleifen f\u00fcr verschiedene Anwendungen kombinieren. Unsere innovativen, langlebigen Technologien kommen in Branchen wie der Automobilindustrie, der Luft- und Raumfahrt, dem Energiesektor, der Verteidigung und vielen mehr zum Einsatz.\" \/>\n<meta property=\"og:url\" content=\"https:\/\/kellenberger.betacenter.net\/de\/industrien\/luft-und-raumfahrt\/\" \/>\n<meta property=\"og:site_name\" content=\"Kellenberger\" \/>\n<meta property=\"article:modified_time\" content=\"2025-12-19T08:33:41+00:00\" \/>\n<meta name=\"twitter:card\" content=\"summary_large_image\" \/>\n<meta name=\"twitter:label1\" content=\"Gesch\u00e4tzte Lesezeit\" \/>\n\t<meta name=\"twitter:data1\" content=\"3\u00a0Minuten\" \/>\n<script type=\"application\/ld+json\" class=\"yoast-schema-graph\">{\"@context\":\"https:\/\/schema.org\",\"@graph\":[{\"@type\":\"WebPage\",\"@id\":\"https:\/\/kellenberger.betacenter.net\/de\/industrien\/luft-und-raumfahrt\/\",\"url\":\"https:\/\/kellenberger.betacenter.net\/de\/industrien\/luft-und-raumfahrt\/\",\"name\":\"Luft- und Raumfahrt - Kellenberger\",\"isPartOf\":{\"@id\":\"https:\/\/kellenberger.betacenter.net\/de\/#website\"},\"datePublished\":\"2025-03-24T13:49:42+00:00\",\"dateModified\":\"2025-12-19T08:33:41+00:00\",\"description\":\"Kellenberger ist spezialisiert auf CNC-Pr\u00e4zisionsschleifmaschinen und Systeml\u00f6sungen, die Hartdrehen und Schleifen f\u00fcr verschiedene Anwendungen kombinieren. Unsere innovativen, langlebigen Technologien kommen in Branchen wie der Automobilindustrie, der Luft- und Raumfahrt, dem Energiesektor, der Verteidigung und vielen mehr zum Einsatz.\",\"breadcrumb\":{\"@id\":\"https:\/\/kellenberger.betacenter.net\/de\/industrien\/luft-und-raumfahrt\/#breadcrumb\"},\"inLanguage\":\"de\",\"potentialAction\":[{\"@type\":\"ReadAction\",\"target\":[\"https:\/\/kellenberger.betacenter.net\/de\/industrien\/luft-und-raumfahrt\/\"]}]},{\"@type\":\"BreadcrumbList\",\"@id\":\"https:\/\/kellenberger.betacenter.net\/de\/industrien\/luft-und-raumfahrt\/#breadcrumb\",\"itemListElement\":[{\"@type\":\"ListItem\",\"position\":1,\"name\":\"Home\",\"item\":\"https:\/\/kellenberger.betacenter.net\/de\/\"},{\"@type\":\"ListItem\",\"position\":2,\"name\":\"Industrien\",\"item\":\"https:\/\/kellenberger.betacenter.net\/de\/industrien\/\"},{\"@type\":\"ListItem\",\"position\":3,\"name\":\"Luft- und Raumfahrt\"}]},{\"@type\":\"WebSite\",\"@id\":\"https:\/\/kellenberger.betacenter.net\/de\/#website\",\"url\":\"https:\/\/kellenberger.betacenter.net\/de\/\",\"name\":\"Kellenberger\",\"description\":\"Hersteller von multifunktionalen Pr\u00e4zisions-Drehmaschinen und Drehzentren.\",\"potentialAction\":[{\"@type\":\"SearchAction\",\"target\":{\"@type\":\"EntryPoint\",\"urlTemplate\":\"https:\/\/kellenberger.betacenter.net\/de\/?s={search_term_string}\"},\"query-input\":{\"@type\":\"PropertyValueSpecification\",\"valueRequired\":true,\"valueName\":\"search_term_string\"}}],\"inLanguage\":\"de\"}]}<\/script>\n<!-- \/ Yoast SEO plugin. -->","yoast_head_json":{"title":"Luft- und Raumfahrt - Kellenberger","description":"Kellenberger ist spezialisiert auf CNC-Pr\u00e4zisionsschleifmaschinen und Systeml\u00f6sungen, die Hartdrehen und Schleifen f\u00fcr verschiedene Anwendungen kombinieren. Unsere innovativen, langlebigen Technologien kommen in Branchen wie der Automobilindustrie, der Luft- und Raumfahrt, dem Energiesektor, der Verteidigung und vielen mehr zum Einsatz.","robots":{"index":"index","follow":"follow","max-snippet":"max-snippet:-1","max-image-preview":"max-image-preview:large","max-video-preview":"max-video-preview:-1"},"canonical":"https:\/\/kellenberger.betacenter.net\/de\/industrien\/luft-und-raumfahrt\/","og_locale":"de_DE","og_type":"article","og_title":"Luft- und Raumfahrt - Kellenberger","og_description":"Kellenberger ist spezialisiert auf CNC-Pr\u00e4zisionsschleifmaschinen und Systeml\u00f6sungen, die Hartdrehen und Schleifen f\u00fcr verschiedene Anwendungen kombinieren. Unsere innovativen, langlebigen Technologien kommen in Branchen wie der Automobilindustrie, der Luft- und Raumfahrt, dem Energiesektor, der Verteidigung und vielen mehr zum Einsatz.","og_url":"https:\/\/kellenberger.betacenter.net\/de\/industrien\/luft-und-raumfahrt\/","og_site_name":"Kellenberger","article_modified_time":"2025-12-19T08:33:41+00:00","twitter_card":"summary_large_image","twitter_misc":{"Gesch\u00e4tzte Lesezeit":"3\u00a0Minuten"},"schema":{"@context":"https:\/\/schema.org","@graph":[{"@type":"WebPage","@id":"https:\/\/kellenberger.betacenter.net\/de\/industrien\/luft-und-raumfahrt\/","url":"https:\/\/kellenberger.betacenter.net\/de\/industrien\/luft-und-raumfahrt\/","name":"Luft- und Raumfahrt - Kellenberger","isPartOf":{"@id":"https:\/\/kellenberger.betacenter.net\/de\/#website"},"datePublished":"2025-03-24T13:49:42+00:00","dateModified":"2025-12-19T08:33:41+00:00","description":"Kellenberger ist spezialisiert auf CNC-Pr\u00e4zisionsschleifmaschinen und Systeml\u00f6sungen, die Hartdrehen und Schleifen f\u00fcr verschiedene Anwendungen kombinieren. Unsere innovativen, langlebigen Technologien kommen in Branchen wie der Automobilindustrie, der Luft- und Raumfahrt, dem Energiesektor, der Verteidigung und vielen mehr zum Einsatz.","breadcrumb":{"@id":"https:\/\/kellenberger.betacenter.net\/de\/industrien\/luft-und-raumfahrt\/#breadcrumb"},"inLanguage":"de","potentialAction":[{"@type":"ReadAction","target":["https:\/\/kellenberger.betacenter.net\/de\/industrien\/luft-und-raumfahrt\/"]}]},{"@type":"BreadcrumbList","@id":"https:\/\/kellenberger.betacenter.net\/de\/industrien\/luft-und-raumfahrt\/#breadcrumb","itemListElement":[{"@type":"ListItem","position":1,"name":"Home","item":"https:\/\/kellenberger.betacenter.net\/de\/"},{"@type":"ListItem","position":2,"name":"Industrien","item":"https:\/\/kellenberger.betacenter.net\/de\/industrien\/"},{"@type":"ListItem","position":3,"name":"Luft- und Raumfahrt"}]},{"@type":"WebSite","@id":"https:\/\/kellenberger.betacenter.net\/de\/#website","url":"https:\/\/kellenberger.betacenter.net\/de\/","name":"Kellenberger","description":"Hersteller von multifunktionalen Pr\u00e4zisions-Drehmaschinen und Drehzentren.","potentialAction":[{"@type":"SearchAction","target":{"@type":"EntryPoint","urlTemplate":"https:\/\/kellenberger.betacenter.net\/de\/?s={search_term_string}"},"query-input":{"@type":"PropertyValueSpecification","valueRequired":true,"valueName":"search_term_string"}}],"inLanguage":"de"}]}},"_links":{"self":[{"href":"https:\/\/kellenberger.betacenter.net\/de\/wp-json\/wp\/v2\/pages\/16147","targetHints":{"allow":["GET"]}}],"collection":[{"href":"https:\/\/kellenberger.betacenter.net\/de\/wp-json\/wp\/v2\/pages"}],"about":[{"href":"https:\/\/kellenberger.betacenter.net\/de\/wp-json\/wp\/v2\/types\/page"}],"author":[{"embeddable":true,"href":"https:\/\/kellenberger.betacenter.net\/de\/wp-json\/wp\/v2\/users\/2"}],"replies":[{"embeddable":true,"href":"https:\/\/kellenberger.betacenter.net\/de\/wp-json\/wp\/v2\/comments?post=16147"}],"version-history":[{"count":11,"href":"https:\/\/kellenberger.betacenter.net\/de\/wp-json\/wp\/v2\/pages\/16147\/revisions"}],"predecessor-version":[{"id":23392,"href":"https:\/\/kellenberger.betacenter.net\/de\/wp-json\/wp\/v2\/pages\/16147\/revisions\/23392"}],"up":[{"embeddable":true,"href":"https:\/\/kellenberger.betacenter.net\/de\/wp-json\/wp\/v2\/pages\/16131"}],"wp:attachment":[{"href":"https:\/\/kellenberger.betacenter.net\/de\/wp-json\/wp\/v2\/media?parent=16147"}],"curies":[{"name":"wp","href":"https:\/\/api.w.org\/{rel}","templated":true}]}}