{"id":518,"date":"2021-07-26T15:18:14","date_gmt":"2021-07-26T13:18:14","guid":{"rendered":"https:\/\/kellenberger.betacenter.net\/?page_id=518"},"modified":"2025-12-04T17:12:14","modified_gmt":"2025-12-04T16:12:14","slug":"kellenberger","status":"publish","type":"page","link":"https:\/\/kellenberger.betacenter.net\/de\/kellenberger\/","title":{"rendered":"Kellenberger"},"content":{"rendered":"[vc_row type=&#8220;full_width_background&#8220; full_screen_row_position=&#8220;middle&#8220; column_margin=&#8220;default&#8220; column_direction=&#8220;default&#8220; column_direction_tablet=&#8220;default&#8220; column_direction_phone=&#8220;default&#8220; bg_image=&#8220;19248&#8243; bg_position=&#8220;right bottom&#8220; background_image_loading=&#8220;default&#8220; bg_repeat=&#8220;no-repeat&#8220; scene_position=&#8220;center&#8220; top_padding=&#8220;160&#8243; constrain_group_1=&#8220;yes&#8220; bottom_padding=&#8220;160&#8243; text_color=&#8220;dark&#8220; text_align=&#8220;left&#8220; row_border_radius=&#8220;none&#8220; row_border_radius_applies=&#8220;bg&#8220; overflow=&#8220;visible&#8220; overlay_strength=&#8220;0.3&#8243; gradient_direction=&#8220;left_to_right&#8220; shape_divider_position=&#8220;bottom&#8220; bg_image_animation=&#8220;fade-in&#8220; shape_type=&#8220;&#8220; gradient_type=&#8220;default&#8220;][vc_column column_padding=&#8220;no-extra-padding&#8220; column_padding_tablet=&#8220;inherit&#8220; column_padding_phone=&#8220;inherit&#8220; column_padding_position=&#8220;all&#8220; column_element_direction_desktop=&#8220;default&#8220; column_element_spacing=&#8220;default&#8220; desktop_text_alignment=&#8220;default&#8220; tablet_text_alignment=&#8220;default&#8220; phone_text_alignment=&#8220;default&#8220; background_color_opacity=&#8220;1&#8243; background_hover_color_opacity=&#8220;1&#8243; column_backdrop_filter=&#8220;none&#8220; column_shadow=&#8220;none&#8220; column_border_radius=&#8220;none&#8220; column_link_target=&#8220;_self&#8220; column_position=&#8220;default&#8220; gradient_direction=&#8220;left_to_right&#8220; overlay_strength=&#8220;0.3&#8243; width=&#8220;2\/3&#8243; tablet_width_inherit=&#8220;default&#8220; animation_type=&#8220;default&#8220; bg_image_animation=&#8220;none&#8220; border_type=&#8220;simple&#8220; column_border_width=&#8220;none&#8220; column_border_style=&#8220;solid&#8220;][\/vc_column][\/vc_row][vc_row type=&#8220;in_container&#8220; full_screen_row_position=&#8220;middle&#8220; column_margin=&#8220;default&#8220; column_direction=&#8220;default&#8220; column_direction_tablet=&#8220;default&#8220; column_direction_phone=&#8220;default&#8220; scene_position=&#8220;center&#8220; top_margin=&#8220;5%&#8220; bottom_margin=&#8220;3%&#8220; text_color=&#8220;dark&#8220; text_align=&#8220;left&#8220; row_border_radius=&#8220;none&#8220; row_border_radius_applies=&#8220;bg&#8220; overflow=&#8220;visible&#8220; overlay_strength=&#8220;0.3&#8243; gradient_direction=&#8220;left_to_right&#8220; shape_divider_position=&#8220;bottom&#8220; bg_image_animation=&#8220;none&#8220; shape_type=&#8220;&#8220;][vc_column column_padding=&#8220;no-extra-padding&#8220; column_padding_tablet=&#8220;inherit&#8220; column_padding_phone=&#8220;inherit&#8220; column_padding_position=&#8220;all&#8220; column_element_direction_desktop=&#8220;default&#8220; column_element_spacing=&#8220;default&#8220; desktop_text_alignment=&#8220;default&#8220; tablet_text_alignment=&#8220;default&#8220; phone_text_alignment=&#8220;default&#8220; background_color_opacity=&#8220;1&#8243; background_hover_color_opacity=&#8220;1&#8243; column_backdrop_filter=&#8220;none&#8220; column_shadow=&#8220;none&#8220; column_border_radius=&#8220;none&#8220; column_link_target=&#8220;_self&#8220; column_position=&#8220;default&#8220; gradient_direction=&#8220;left_to_right&#8220; overlay_strength=&#8220;0.3&#8243; width=&#8220;1\/1&#8243; tablet_width_inherit=&#8220;default&#8220; animation_type=&#8220;default&#8220; bg_image_animation=&#8220;none&#8220; border_type=&#8220;simple&#8220; column_border_width=&#8220;none&#8220; column_border_style=&#8220;solid&#8220;][vc_custom_heading text=&#8220;Kellenberger&#8220; font_container=&#8220;tag:h1|text_align:left&#8220; use_theme_fonts=&#8220;yes&#8220; css=&#8220;.vc_custom_1713950433680{margin-bottom: 4% !important;}&#8220;][vc_row_inner equal_height=&#8220;yes&#8220; column_margin=&#8220;60px&#8220; column_direction=&#8220;default&#8220; column_direction_tablet=&#8220;default&#8220; column_direction_phone=&#8220;default&#8220; text_align=&#8220;left&#8220; row_position=&#8220;default&#8220; row_position_tablet=&#8220;inherit&#8220; row_position_phone=&#8220;inherit&#8220; overflow=&#8220;visible&#8220; pointer_events=&#8220;all&#8220; css=&#8220;.vc_custom_1714137043624{padding-bottom: 3% !important;}&#8220;][vc_column_inner column_padding=&#8220;no-extra-padding&#8220; column_padding_tablet=&#8220;inherit&#8220; column_padding_phone=&#8220;inherit&#8220; column_padding_position=&#8220;all&#8220; column_element_direction_desktop=&#8220;default&#8220; column_element_spacing=&#8220;default&#8220; desktop_text_alignment=&#8220;default&#8220; tablet_text_alignment=&#8220;default&#8220; phone_text_alignment=&#8220;default&#8220; background_color_opacity=&#8220;1&#8243; background_hover_color_opacity=&#8220;1&#8243; column_backdrop_filter=&#8220;none&#8220; column_shadow=&#8220;none&#8220; column_border_radius=&#8220;none&#8220; column_link_target=&#8220;_self&#8220; overflow=&#8220;visible&#8220; gradient_direction=&#8220;left_to_right&#8220; overlay_strength=&#8220;0.3&#8243; width=&#8220;2\/3&#8243; tablet_width_inherit=&#8220;default&#8220; animation_type=&#8220;default&#8220; bg_image_animation=&#8220;none&#8220; border_type=&#8220;simple&#8220; column_border_width=&#8220;none&#8220; column_border_style=&#8220;solid&#8220; column_padding_type=&#8220;default&#8220; gradient_type=&#8220;default&#8220;][vc_column_text text_direction=&#8220;default&#8220;]Mit Standorten in <strong>Europa, Amerika, China und ROW (Regions of the World),<\/strong> ist Kellenberger global pr\u00e4sent und nah bei ihren Kunden, um h\u00f6chste Pr\u00e4zision und Qualit\u00e4t weltweit sicherzustellen.<\/p>\n<h3>Unsere Werte:<\/h3>\n<ul>\n<li><strong>Innovation:<\/strong> Wir investieren kontinuierlich in Forschung und Entwicklung, um unseren Kunden die neuesten und besten Technologien bieten zu k\u00f6nnen.<\/li>\n<li><strong>Qualit\u00e4t:<\/strong> Unsere Produkte werden nach den h\u00f6chsten Standards gefertigt, um Langlebigkeit und Zuverl\u00e4ssigkeit sicherzustellen.<\/li>\n<li><strong>Kundenzufriedenheit:<\/strong> Wir setzen alles daran, die Bed\u00fcrfnisse und Erwartungen unserer Kunden zu erf\u00fcllen und zu \u00fcbertreffen.<\/li>\n<li><strong>Nachhaltigkeit:<\/strong> Wir engagieren uns f\u00fcr umweltfreundliche Produktionsprozesse und nachhaltige Gesch\u00e4ftspraktiken.<\/li>\n<\/ul>\n<h3>Unsere Dienstleistungen:<\/h3>\n<ul>\n<li><strong>Beratung und Planung:<\/strong> Wir arbeiten eng mit unseren Kunden zusammen, um massgeschneiderte L\u00f6sungen zu entwickeln, die ihren spezifischen Anforderungen entsprechen.<\/li>\n<li><strong>Installation und Schulung:<\/strong> Unser Expertenteam sorgt f\u00fcr eine reibungslose Installation und bietet umfassende Schulungen, um sicherzustellen, dass Ihre Mitarbeiter die Maschinen optimal nutzen k\u00f6nnen.<\/li>\n<li><strong>Wartung und Support:<\/strong> Wir bieten kontinuierlichen Support und Wartung, um die optimale Leistung unserer Maschinen und Anlagen sicherzustellen.<\/li>\n<\/ul>\n<h3>Kontaktieren Sie uns:<\/h3>\n<p>Wir freuen uns darauf, Ihnen bei Ihren Schleif- und Fertigungsanforderungen zu helfen. Kontaktieren Sie uns noch heute, um mehr \u00fcber unsere Produkte und Dienstleistungen zu erfahren.[\/vc_column_text][\/vc_column_inner][vc_column_inner column_padding=&#8220;padding-4-percent&#8220; column_padding_tablet=&#8220;inherit&#8220; column_padding_phone=&#8220;inherit&#8220; column_padding_position=&#8220;all&#8220; column_element_direction_desktop=&#8220;default&#8220; column_element_spacing=&#8220;default&#8220; desktop_text_alignment=&#8220;default&#8220; tablet_text_alignment=&#8220;default&#8220; phone_text_alignment=&#8220;default&#8220; background_color=&#8220;#f2f2f2&#8243; background_color_opacity=&#8220;1&#8243; background_hover_color_opacity=&#8220;1&#8243; column_backdrop_filter=&#8220;none&#8220; column_shadow=&#8220;none&#8220; column_border_radius=&#8220;none&#8220; column_link_target=&#8220;_self&#8220; overflow=&#8220;visible&#8220; gradient_direction=&#8220;left_to_right&#8220; overlay_strength=&#8220;0.3&#8243; width=&#8220;1\/3&#8243; tablet_width_inherit=&#8220;default&#8220; animation_type=&#8220;default&#8220; bg_image_animation=&#8220;none&#8220; border_type=&#8220;simple&#8220; column_border_width=&#8220;none&#8220; column_border_style=&#8220;solid&#8220; column_padding_type=&#8220;default&#8220; gradient_type=&#8220;default&#8220;][vc_column_text text_direction=&#8220;default&#8220;]\n<p class=\"has-text-align-left\"><strong><span class=\"has-inline-color\">Kellenberger Switzerland AG<\/span><\/strong><br \/>\n<span class=\"has-inline-color\">Thann\u00e4ckerstrasse 22<br \/>\n9403 Goldach<br \/>\nSchweiz<\/span><\/p>\n<p class=\"has-text-align-left\"><span class=\"has-inline-color\">Tel. +41 71 242 91 11<\/span><span class=\"has-inline-color\"><br \/>\n<a href=\"mailto:info@kellenberger.net\">info@kellenberger.net<\/a><\/span><\/p>\n[\/vc_column_text][vc_column_text text_direction=&#8220;default&#8220;]\n<p class=\"has-text-align-left\"><strong><span class=\"has-inline-color\">Kellenberger Systems<\/span><\/strong><br \/>\n<span class=\"has-inline-color\">1755 Britannia Drive, Unit A<br \/>\nElgin, Illinois 60124<br \/>\nAmerika<\/span><\/p>\n<p class=\"has-text-align-left\"><span class=\"has-inline-color\">Tel. +1 (800) 843-8801<\/span><span class=\"has-inline-color\"><br \/>\n<a href=\"mailto:info@kellenberger.betacenter.net\">info@kellenberger.betacenter.net<\/a><\/span><\/p>\n[\/vc_column_text][vc_column_text text_direction=&#8220;default&#8220;]\n<p class=\"has-text-align-left\"><strong><span class=\"has-inline-color\">Kellenberger<\/span><\/strong><br \/>\n<span class=\"has-inline-color\">1388 East Kang Qiao Road<br \/>\nPudong, Shanghai 201319<br \/>\nChina<\/span><\/p>\n<p class=\"has-text-align-left\"><span class=\"has-inline-color\">Tel. +86 21 38108686<\/span><span class=\"has-inline-color\"><br \/>\n<a href=\"mailto:info@kellenberger.net\">info@kellenberger.net<\/a><\/span><\/p>\n[\/vc_column_text][\/vc_column_inner][\/vc_row_inner][\/vc_column][\/vc_row][vc_row type=&#8220;in_container&#8220; full_screen_row_position=&#8220;middle&#8220; column_margin=&#8220;default&#8220; column_direction=&#8220;default&#8220; column_direction_tablet=&#8220;default&#8220; column_direction_phone=&#8220;default&#8220; scene_position=&#8220;center&#8220; bottom_margin=&#8220;5%&#8220; text_color=&#8220;dark&#8220; text_align=&#8220;left&#8220; row_border_radius=&#8220;none&#8220; row_border_radius_applies=&#8220;bg&#8220; overflow=&#8220;visible&#8220; overlay_strength=&#8220;0.3&#8243; gradient_direction=&#8220;left_to_right&#8220; shape_divider_position=&#8220;bottom&#8220; bg_image_animation=&#8220;none&#8220; shape_type=&#8220;&#8220; gradient_type=&#8220;default&#8220;][vc_column column_padding=&#8220;no-extra-padding&#8220; column_padding_tablet=&#8220;inherit&#8220; column_padding_phone=&#8220;inherit&#8220; column_padding_position=&#8220;all&#8220; column_element_direction_desktop=&#8220;default&#8220; column_element_spacing=&#8220;default&#8220; desktop_text_alignment=&#8220;default&#8220; tablet_text_alignment=&#8220;default&#8220; phone_text_alignment=&#8220;default&#8220; background_color_opacity=&#8220;1&#8243; background_hover_color_opacity=&#8220;1&#8243; column_backdrop_filter=&#8220;none&#8220; column_shadow=&#8220;none&#8220; column_border_radius=&#8220;none&#8220; column_link_target=&#8220;_self&#8220; column_position=&#8220;default&#8220; gradient_direction=&#8220;left_to_right&#8220; overlay_strength=&#8220;0.3&#8243; width=&#8220;1\/1&#8243; tablet_width_inherit=&#8220;default&#8220; animation_type=&#8220;default&#8220; bg_image_animation=&#8220;none&#8220; border_type=&#8220;simple&#8220; column_border_width=&#8220;none&#8220; column_border_style=&#8220;solid&#8220;][vc_raw_html]JTNDaWZyYW1lJTIwc3JjJTNEJTIyaHR0cHMlM0ElMkYlMkZrZWxsZW5iZXJnZXIuY29tJTJGRmlybWVucHJhZXNlbnRhdGlvbiUyRmRlJTJGJTIyJTIwd2lkdGglM0QlMjIxMDAlMjUlMjIlMjBoZWlnaHQlM0QlMjI3MDAlMjIlM0UlM0MlMkZpZnJhbWUlM0U=[\/vc_raw_html][\/vc_column][\/vc_row][vc_row type=&#8220;in_container&#8220; full_screen_row_position=&#8220;middle&#8220; column_margin=&#8220;default&#8220; column_direction=&#8220;default&#8220; column_direction_tablet=&#8220;default&#8220; column_direction_phone=&#8220;default&#8220; bg_color=&#8220;#ededed&#8220; scene_position=&#8220;center&#8220; top_padding=&#8220;5%&#8220; constrain_group_1=&#8220;yes&#8220; bottom_padding=&#8220;5%&#8220; top_margin=&#8220;-2vw&#8220; top_margin_tablet=&#8220;-15vw&#8220; top_margin_phone=&#8220;-60vw&#8220; text_color=&#8220;dark&#8220; text_align=&#8220;left&#8220; row_border_radius=&#8220;none&#8220; row_border_radius_applies=&#8220;bg&#8220; zindex=&#8220;100&#8243; overflow=&#8220;visible&#8220; overlay_strength=&#8220;0.3&#8243; gradient_direction=&#8220;left_to_right&#8220; shape_divider_position=&#8220;bottom&#8220; bg_image_animation=&#8220;none&#8220; gradient_type=&#8220;default&#8220; shape_type=&#8220;&#8220;][vc_column column_padding=&#8220;padding-5-percent&#8220; column_padding_tablet=&#8220;inherit&#8220; column_padding_phone=&#8220;inherit&#8220; column_padding_position=&#8220;all&#8220; column_element_direction_desktop=&#8220;default&#8220; column_element_spacing=&#8220;default&#8220; desktop_text_alignment=&#8220;default&#8220; tablet_text_alignment=&#8220;default&#8220; phone_text_alignment=&#8220;default&#8220; background_color_opacity=&#8220;1&#8243; background_hover_color_opacity=&#8220;1&#8243; column_backdrop_filter=&#8220;none&#8220; column_shadow=&#8220;none&#8220; column_border_radius=&#8220;none&#8220; column_link_target=&#8220;_self&#8220; column_position=&#8220;default&#8220; gradient_direction=&#8220;left_to_right&#8220; overlay_strength=&#8220;0.3&#8243; width=&#8220;1\/1&#8243; tablet_width_inherit=&#8220;default&#8220; animation_type=&#8220;default&#8220; bg_image_animation=&#8220;none&#8220; border_type=&#8220;simple&#8220; column_border_width=&#8220;none&#8220; column_border_style=&#8220;solid&#8220; column_padding_type=&#8220;default&#8220; gradient_type=&#8220;default&#8220;][nectar_image_with_hotspots image=&#8220;2111&#8243; preview=&#8220;https:\/\/kellenberger.betacenter.net\/wp-content\/uploads\/2021\/10\/45367-Konvertiert.png&#8220; color_1=&#8220;Accent-Color&#8220; hotspot_icon=&#8220;plus_sign&#8220; tooltip=&#8220;hover&#8220; tooltip_shadow=&#8220;none&#8220; animation=&#8220;true&#8220;][nectar_hotspot left=&#8220;44.5411%&#8220; top=&#8220;21.8782%&#8220; position=&#8220;right&#8220;]Kellenberger Europa: Kellenberger Switzerland AG Thann\u00e4ckerstrasse 22 9403 Goldach Switzerland Tel. +41 71 242 91 11 info@kellenberger.net[\/nectar_hotspot][nectar_hotspot left=&#8220;44.2916%&#8220; top=&#8220;18.2182%&#8220; position=&#8220;top&#8220;]Kellenberger Europa: Kellenberger Germany GmbH Lachenhauweg 12 72766 Reutlingen Germany Tel. +41 71 242 92 32 info@kellenberger.net[\/nectar_hotspot][nectar_hotspot left=&#8220;42.8892%&#8220; top=&#8220;21.5215%&#8220; position=&#8220;left&#8220;]Kellenberger Europa: Frankreich[\/nectar_hotspot][nectar_hotspot left=&#8220;14.0457%&#8220; top=&#8220;24.827%&#8220; position=&#8220;bottom&#8220;]Kellenberger America: Kellenberger Systems 1755 Brittania Drive, Unit A Elgin, Illinois 60124 United States Tel. +800 8438801 info@kellenberger.net[\/nectar_hotspot][nectar_hotspot left=&#8220;19.7986%&#8220; top=&#8220;22.9267%&#8220; position=&#8220;top&#8220;]Kellenberger America: Elmira[\/nectar_hotspot][nectar_hotspot left=&#8220;81.9175%&#8220; top=&#8220;33.6108%&#8220; position=&#8220;top&#8220;]Kellenberger China: Kellenberger 1388 East Kang Qiao Road Pudong, Shanghai 201319 China Tel. +86 21 38108686 info@kellenberger.net[\/nectar_hotspot][nectar_hotspot left=&#8220;80.1014%&#8220; top=&#8220;35.2992%&#8220; position=&#8220;left&#8220;]Kellenberger China: Xiangeme[\/nectar_hotspot][nectar_hotspot left=&#8220;77.4666%&#8220; top=&#8220;53.2839%&#8220; position=&#8220;bottom&#8220;]Kellenberger ROW: Kuala Lumpur[\/nectar_hotspot][\/nectar_image_with_hotspots][\/vc_column][\/vc_row][vc_row type=&#8220;in_container&#8220; full_screen_row_position=&#8220;middle&#8220; column_margin=&#8220;default&#8220; column_direction=&#8220;default&#8220; column_direction_tablet=&#8220;default&#8220; column_direction_phone=&#8220;default&#8220; scene_position=&#8220;center&#8220; text_color=&#8220;dark&#8220; text_align=&#8220;left&#8220; row_border_radius=&#8220;none&#8220; row_border_radius_applies=&#8220;bg&#8220; overflow=&#8220;visible&#8220; overlay_strength=&#8220;0.3&#8243; gradient_direction=&#8220;left_to_right&#8220; shape_divider_position=&#8220;bottom&#8220; bg_image_animation=&#8220;none&#8220;][vc_column column_padding=&#8220;no-extra-padding&#8220; column_padding_tablet=&#8220;inherit&#8220; column_padding_phone=&#8220;inherit&#8220; column_padding_position=&#8220;all&#8220; column_element_direction_desktop=&#8220;default&#8220; column_element_spacing=&#8220;default&#8220; desktop_text_alignment=&#8220;default&#8220; tablet_text_alignment=&#8220;default&#8220; phone_text_alignment=&#8220;default&#8220; background_color_opacity=&#8220;1&#8243; background_hover_color_opacity=&#8220;1&#8243; column_backdrop_filter=&#8220;none&#8220; column_shadow=&#8220;none&#8220; column_border_radius=&#8220;none&#8220; column_link_target=&#8220;_self&#8220; column_position=&#8220;default&#8220; gradient_direction=&#8220;left_to_right&#8220; overlay_strength=&#8220;0.3&#8243; width=&#8220;1\/1&#8243; tablet_width_inherit=&#8220;default&#8220; animation_type=&#8220;default&#8220; bg_image_animation=&#8220;none&#8220; border_type=&#8220;simple&#8220; column_border_width=&#8220;none&#8220; column_border_style=&#8220;solid&#8220;][divider line_type=&#8220;No Line&#8220;][\/vc_column][\/vc_row]\n","protected":false},"excerpt":{"rendered":"<p>[vc_row type=&#8220;full_width_background&#8220; full_screen_row_position=&#8220;middle&#8220; column_margin=&#8220;default&#8220; column_direction=&#8220;default&#8220; column_direction_tablet=&#8220;default&#8220; column_direction_phone=&#8220;default&#8220; bg_image=&#8220;19248&#8243; bg_position=&#8220;right bottom&#8220; background_image_loading=&#8220;default&#8220; bg_repeat=&#8220;no-repeat&#8220; scene_position=&#8220;center&#8220; top_padding=&#8220;160&#8243; constrain_group_1=&#8220;yes&#8220; bottom_padding=&#8220;160&#8243; text_color=&#8220;dark&#8220; text_align=&#8220;left&#8220; row_border_radius=&#8220;none&#8220; row_border_radius_applies=&#8220;bg&#8220; overflow=&#8220;visible&#8220; overlay_strength=&#8220;0.3&#8243; gradient_direction=&#8220;left_to_right&#8220; shape_divider_position=&#8220;bottom&#8220; bg_image_animation=&#8220;fade-in&#8220; shape_type=&#8220;&#8220; gradient_type=&#8220;default&#8220;][vc_column column_padding=&#8220;no-extra-padding&#8220; column_padding_tablet=&#8220;inherit&#8220; column_padding_phone=&#8220;inherit&#8220;&#8230;<\/p>\n","protected":false},"author":1,"featured_media":0,"parent":0,"menu_order":0,"comment_status":"closed","ping_status":"closed","template":"","meta":{"inline_featured_image":false,"footnotes":""},"class_list":["post-518","page","type-page","status-publish"],"yoast_head":"<!-- This site is optimized with the Yoast SEO plugin v26.5 - https:\/\/yoast.com\/wordpress\/plugins\/seo\/ -->\n<title>Kellenberger - Kellenberger<\/title>\n<meta name=\"description\" content=\"Um die weltweite Expansion seiner Kunden begleiten zu k\u00f6nnen, baut J.G. WEISSER seine internationale Pr\u00e4senz mit eigenen Niederlassungen f\u00fcr Vertrieb und Service oder Vertretungen in allen wichtigen M\u00e4rkten aus.\" \/>\n<meta name=\"robots\" content=\"index, follow, max-snippet:-1, max-image-preview:large, max-video-preview:-1\" \/>\n<link rel=\"canonical\" href=\"https:\/\/kellenberger.betacenter.net\/de\/kellenberger\/\" \/>\n<meta property=\"og:locale\" content=\"de_DE\" \/>\n<meta property=\"og:type\" content=\"article\" \/>\n<meta property=\"og:title\" content=\"Kellenberger - Kellenberger\" \/>\n<meta property=\"og:description\" content=\"Um die weltweite Expansion seiner Kunden begleiten zu k\u00f6nnen, baut J.G. WEISSER seine internationale Pr\u00e4senz mit eigenen Niederlassungen f\u00fcr Vertrieb und Service oder Vertretungen in allen wichtigen M\u00e4rkten aus.\" \/>\n<meta property=\"og:url\" content=\"https:\/\/kellenberger.betacenter.net\/de\/kellenberger\/\" \/>\n<meta property=\"og:site_name\" content=\"Kellenberger\" \/>\n<meta property=\"article:modified_time\" content=\"2025-12-04T16:12:14+00:00\" \/>\n<meta name=\"twitter:card\" content=\"summary_large_image\" \/>\n<meta name=\"twitter:label1\" content=\"Gesch\u00e4tzte Lesezeit\" \/>\n\t<meta name=\"twitter:data1\" content=\"2\u00a0Minuten\" \/>\n<script type=\"application\/ld+json\" class=\"yoast-schema-graph\">{\"@context\":\"https:\/\/schema.org\",\"@graph\":[{\"@type\":\"WebPage\",\"@id\":\"https:\/\/kellenberger.betacenter.net\/de\/kellenberger\/\",\"url\":\"https:\/\/kellenberger.betacenter.net\/de\/kellenberger\/\",\"name\":\"Kellenberger - Kellenberger\",\"isPartOf\":{\"@id\":\"https:\/\/kellenberger.betacenter.net\/de\/#website\"},\"datePublished\":\"2021-07-26T13:18:14+00:00\",\"dateModified\":\"2025-12-04T16:12:14+00:00\",\"description\":\"Um die weltweite Expansion seiner Kunden begleiten zu k\u00f6nnen, baut J.G. WEISSER seine internationale Pr\u00e4senz mit eigenen Niederlassungen f\u00fcr Vertrieb und Service oder Vertretungen in allen wichtigen M\u00e4rkten aus.\",\"breadcrumb\":{\"@id\":\"https:\/\/kellenberger.betacenter.net\/de\/kellenberger\/#breadcrumb\"},\"inLanguage\":\"de\",\"potentialAction\":[{\"@type\":\"ReadAction\",\"target\":[\"https:\/\/kellenberger.betacenter.net\/de\/kellenberger\/\"]}]},{\"@type\":\"BreadcrumbList\",\"@id\":\"https:\/\/kellenberger.betacenter.net\/de\/kellenberger\/#breadcrumb\",\"itemListElement\":[{\"@type\":\"ListItem\",\"position\":1,\"name\":\"Home\",\"item\":\"https:\/\/kellenberger.betacenter.net\/de\/\"},{\"@type\":\"ListItem\",\"position\":2,\"name\":\"Kellenberger\"}]},{\"@type\":\"WebSite\",\"@id\":\"https:\/\/kellenberger.betacenter.net\/de\/#website\",\"url\":\"https:\/\/kellenberger.betacenter.net\/de\/\",\"name\":\"Kellenberger\",\"description\":\"Hersteller von multifunktionalen Pr\u00e4zisions-Drehmaschinen und Drehzentren.\",\"potentialAction\":[{\"@type\":\"SearchAction\",\"target\":{\"@type\":\"EntryPoint\",\"urlTemplate\":\"https:\/\/kellenberger.betacenter.net\/de\/?s={search_term_string}\"},\"query-input\":{\"@type\":\"PropertyValueSpecification\",\"valueRequired\":true,\"valueName\":\"search_term_string\"}}],\"inLanguage\":\"de\"}]}<\/script>\n<!-- \/ Yoast SEO plugin. -->","yoast_head_json":{"title":"Kellenberger - Kellenberger","description":"Um die weltweite Expansion seiner Kunden begleiten zu k\u00f6nnen, baut J.G. WEISSER seine internationale Pr\u00e4senz mit eigenen Niederlassungen f\u00fcr Vertrieb und Service oder Vertretungen in allen wichtigen M\u00e4rkten aus.","robots":{"index":"index","follow":"follow","max-snippet":"max-snippet:-1","max-image-preview":"max-image-preview:large","max-video-preview":"max-video-preview:-1"},"canonical":"https:\/\/kellenberger.betacenter.net\/de\/kellenberger\/","og_locale":"de_DE","og_type":"article","og_title":"Kellenberger - Kellenberger","og_description":"Um die weltweite Expansion seiner Kunden begleiten zu k\u00f6nnen, baut J.G. WEISSER seine internationale Pr\u00e4senz mit eigenen Niederlassungen f\u00fcr Vertrieb und Service oder Vertretungen in allen wichtigen M\u00e4rkten aus.","og_url":"https:\/\/kellenberger.betacenter.net\/de\/kellenberger\/","og_site_name":"Kellenberger","article_modified_time":"2025-12-04T16:12:14+00:00","twitter_card":"summary_large_image","twitter_misc":{"Gesch\u00e4tzte Lesezeit":"2\u00a0Minuten"},"schema":{"@context":"https:\/\/schema.org","@graph":[{"@type":"WebPage","@id":"https:\/\/kellenberger.betacenter.net\/de\/kellenberger\/","url":"https:\/\/kellenberger.betacenter.net\/de\/kellenberger\/","name":"Kellenberger - Kellenberger","isPartOf":{"@id":"https:\/\/kellenberger.betacenter.net\/de\/#website"},"datePublished":"2021-07-26T13:18:14+00:00","dateModified":"2025-12-04T16:12:14+00:00","description":"Um die weltweite Expansion seiner Kunden begleiten zu k\u00f6nnen, baut J.G. WEISSER seine internationale Pr\u00e4senz mit eigenen Niederlassungen f\u00fcr Vertrieb und Service oder Vertretungen in allen wichtigen M\u00e4rkten aus.","breadcrumb":{"@id":"https:\/\/kellenberger.betacenter.net\/de\/kellenberger\/#breadcrumb"},"inLanguage":"de","potentialAction":[{"@type":"ReadAction","target":["https:\/\/kellenberger.betacenter.net\/de\/kellenberger\/"]}]},{"@type":"BreadcrumbList","@id":"https:\/\/kellenberger.betacenter.net\/de\/kellenberger\/#breadcrumb","itemListElement":[{"@type":"ListItem","position":1,"name":"Home","item":"https:\/\/kellenberger.betacenter.net\/de\/"},{"@type":"ListItem","position":2,"name":"Kellenberger"}]},{"@type":"WebSite","@id":"https:\/\/kellenberger.betacenter.net\/de\/#website","url":"https:\/\/kellenberger.betacenter.net\/de\/","name":"Kellenberger","description":"Hersteller von multifunktionalen Pr\u00e4zisions-Drehmaschinen und Drehzentren.","potentialAction":[{"@type":"SearchAction","target":{"@type":"EntryPoint","urlTemplate":"https:\/\/kellenberger.betacenter.net\/de\/?s={search_term_string}"},"query-input":{"@type":"PropertyValueSpecification","valueRequired":true,"valueName":"search_term_string"}}],"inLanguage":"de"}]}},"_links":{"self":[{"href":"https:\/\/kellenberger.betacenter.net\/de\/wp-json\/wp\/v2\/pages\/518","targetHints":{"allow":["GET"]}}],"collection":[{"href":"https:\/\/kellenberger.betacenter.net\/de\/wp-json\/wp\/v2\/pages"}],"about":[{"href":"https:\/\/kellenberger.betacenter.net\/de\/wp-json\/wp\/v2\/types\/page"}],"author":[{"embeddable":true,"href":"https:\/\/kellenberger.betacenter.net\/de\/wp-json\/wp\/v2\/users\/1"}],"replies":[{"embeddable":true,"href":"https:\/\/kellenberger.betacenter.net\/de\/wp-json\/wp\/v2\/comments?post=518"}],"version-history":[{"count":94,"href":"https:\/\/kellenberger.betacenter.net\/de\/wp-json\/wp\/v2\/pages\/518\/revisions"}],"predecessor-version":[{"id":22117,"href":"https:\/\/kellenberger.betacenter.net\/de\/wp-json\/wp\/v2\/pages\/518\/revisions\/22117"}],"wp:attachment":[{"href":"https:\/\/kellenberger.betacenter.net\/de\/wp-json\/wp\/v2\/media?parent=518"}],"curies":[{"name":"wp","href":"https:\/\/api.w.org\/{rel}","templated":true}]}}